{"id":928,"date":"2024-10-20T18:44:25","date_gmt":"2024-10-20T15:44:25","guid":{"rendered":"https:\/\/trendbakir.com\/?page_id=928"},"modified":"2024-10-31T16:29:57","modified_gmt":"2024-10-31T13:29:57","slug":"about-us","status":"publish","type":"page","link":"https:\/\/trendbakir.com\/?page_id=928","title":{"rendered":"Hakk\u0131m\u0131zda"},"content":{"rendered":"\t\t<div data-elementor-type=\"wp-page\" data-elementor-id=\"928\" class=\"elementor elementor-928\" data-elementor-post-type=\"page\">\n\t\t\t\t<div class=\"elementor-element elementor-element-7fa2dc55 e-con-full e-flex e-con e-parent\" data-id=\"7fa2dc55\" data-element_type=\"container\">\n\t\t<div class=\"elementor-element elementor-element-11b0f0ce e-con-full e-flex e-con e-child\" data-id=\"11b0f0ce\" data-element_type=\"container\">\n\t\t<div class=\"elementor-element elementor-element-425aece2 e-con-full e-flex e-con e-child\" data-id=\"425aece2\" data-element_type=\"container\">\n\t\t\t\t<div class=\"elementor-element elementor-element-2fe4dab2 elementor-widget elementor-widget-heading\" data-id=\"2fe4dab2\" data-element_type=\"widget\" data-widget_type=\"heading.default\">\n\t\t\t\t<div class=\"elementor-widget-container\">\n\t\t\t<h1 class=\"elementor-heading-title elementor-size-default\">Erzincan hediyelik el sanatlar\u0131 \u00fcretim at\u00f6lyesiyiz<\/h1>\t\t<\/div>\n\t\t\t\t<\/div>\n\t\t\t\t<div class=\"elementor-element elementor-element-365af02e elementor-widget__width-initial elementor-invisible elementor-widget elementor-widget-text-editor\" data-id=\"365af02e\" data-element_type=\"widget\" data-settings=\"{&quot;_animation&quot;:&quot;fadeInDown&quot;}\" data-widget_type=\"text-editor.default\">\n\t\t\t\t<div class=\"elementor-widget-container\">\n\t\t\t\t\t\t\t<p>1984 y\u0131l\u0131nda kurulan at\u00f6lyemiz, uzun y\u0131llard\u0131r \u00fcr\u00fcn \u00e7e\u015fitlili\u011fi ve kalitesi ile \u00fcretime devam etmektedir.<\/p><p>Alan\u0131nda son derece uzman kadromuz ve ustalar\u0131m\u0131z\u0131n yetenekleri sayesinde muhte\u015fem eserler \u00fcretmekteyiz.<\/p><p>Erzincan, bak\u0131r el sanatlar\u0131 konusunda \u00e7ok geli\u015fmi\u015f bir \u015fehir olup, bak\u0131r \u00fcretimi konusunda k\u00f6kl\u00fc bir ge\u00e7mi\u015fe sahiptir. Erzincan bak\u0131r\u0131, \u00f6zellikle el i\u015f\u00e7ili\u011fi ile \u00fcretilen geleneksel \u00fcr\u00fcnleriyle tan\u0131n\u0131r. Bak\u0131r i\u015f\u00e7ili\u011fi, y\u00fczy\u0131llar boyunca s\u00fcregelen bir zanaat dal\u0131d\u0131r ve Erzincan\u2019da bu gelene\u011fi s\u00fcrd\u00fcren bir at\u00f6lyeyiz.<\/p><p><strong>\u00a0\u00a0 + \u00dcretim S\u00fcreci<\/strong>: Erzincan\u2019daki bak\u0131r at\u00f6lyeleri, genellikle ham maddeyi i\u015flemekle ba\u015flar. Bak\u0131r levhalar, \u00e7e\u015fitli aletler kullan\u0131larak \u015fekillendirilir. El becerisi ve deneyim, \u00fcretim s\u00fcrecinde olduk\u00e7a \u00f6nemlidir.<\/p><p><strong>\u00a0\u00a0 + \u00dcr\u00fcn \u00c7e\u015fitlili\u011fi<\/strong>: Erzincan bak\u0131r at\u00f6lyelerinde, s\u00fcrahi, tabak, cezve, tepsi, demlik, vazo, kahve tak\u0131mlar\u0131, \u00e7ay tak\u0131mlar\u0131 gibi \u00e7e\u015fitli mutfak e\u015fyalar\u0131 ve dekoratif objeler \u00fcretilir. Bu \u00fcr\u00fcnler, hem g\u00fcnl\u00fck kullan\u0131m hem de hediyelik e\u015fya olarak tercih edilir.<\/p><p><strong>\u00a0\u00a0 + Geleneksel Teknikler<\/strong>: Bak\u0131r i\u015f\u00e7ili\u011finde kullan\u0131lan teknikler, nesilden nesile aktar\u0131lmaktad\u0131r. Geleneksel motifler ve desenler, bu \u00fcr\u00fcnlerin estetik de\u011ferini art\u0131r\u0131r.<\/p><p><strong>\u00a0\u00a0 + Yerel Ekonomi<\/strong>: Bak\u0131r \u00fcretimi, Erzincan\u2019\u0131n yerel ekonomisinde \u00f6nemli bir yer tutar. At\u00f6lyeler, istihdam yaratmakta ve b\u00f6lgeye turistik \u00e7ekim g\u00fcc\u00fc kazand\u0131rmaktad\u0131r.<\/p><p><strong>\u00a0\u00a0<\/strong><\/p><p>Erzincan bak\u0131r\u0131, kalitesi ve estetik \u00f6zellikleri ile hem yerel hem de uluslararas\u0131 pazarda ilgi g\u00f6rmektedir.<\/p>\t\t\t\t\t\t<\/div>\n\t\t\t\t<\/div>\n\t\t\t\t<\/div>\n\t\t\t\t<\/div>\n\t\t<div class=\"elementor-element elementor-element-6f9efb58 e-con-full e-flex e-con e-child\" data-id=\"6f9efb58\" data-element_type=\"container\" data-settings=\"{&quot;background_background&quot;:&quot;classic&quot;}\">\n\t\t\t\t<\/div>\n\t\t\t\t<\/div>\n\t\t<div class=\"elementor-element elementor-element-2cb2535d e-con-full e-flex e-con e-parent\" data-id=\"2cb2535d\" data-element_type=\"container\">\n\t\t<div class=\"elementor-element elementor-element-69060af5 e-con-full e-flex e-con e-child\" data-id=\"69060af5\" data-element_type=\"container\" data-settings=\"{&quot;background_background&quot;:&quot;classic&quot;}\">\n\t\t\t\t<\/div>\n\t\t<div class=\"elementor-element elementor-element-5630a2a7 e-con-full e-flex e-con e-child\" data-id=\"5630a2a7\" data-element_type=\"container\">\n\t\t\t\t<div class=\"elementor-element elementor-element-368e45ab elementor-widget elementor-widget-heading\" data-id=\"368e45ab\" data-element_type=\"widget\" data-widget_type=\"heading.default\">\n\t\t\t\t<div class=\"elementor-widget-container\">\n\t\t\t<h2 class=\"elementor-heading-title elementor-size-default\">Neden Bak\u0131r?<\/h2>\t\t<\/div>\n\t\t\t\t<\/div>\n\t\t\t\t<div class=\"elementor-element elementor-element-44ce72b9 elementor-widget elementor-widget-text-editor\" data-id=\"44ce72b9\" data-element_type=\"widget\" data-widget_type=\"text-editor.default\">\n\t\t\t\t<div class=\"elementor-widget-container\">\n\t\t\t\t\t\t\t<p>\u00a0<\/p><p>\u00a0 + <strong>Dayan\u0131kl\u0131l\u0131k<\/strong>: Bak\u0131r, uzun \u00f6m\u00fcrl\u00fc ve dayan\u0131kl\u0131 bir malzemedir.<\/p><p>\u00a0 + <strong>Geleneksel De\u011fer<\/strong>: El i\u015f\u00e7ili\u011fi ve yerel zanaat k\u00fclt\u00fcr\u00fcn\u00fc yans\u0131tt\u0131\u011f\u0131 i\u00e7in manevi bir anlam ta\u015f\u0131r.<\/p><p>\u00a0 + <strong>Estetik G\u00f6r\u00fcn\u00fcm<\/strong>: Parlak ve s\u0131cak rengiyle bak\u0131r, bir\u00e7ok dekorasyon stiline, ve kullan\u0131ma uyum sa\u011flar.<\/p><p>\u00a0<\/p><p>Hediyelik bak\u0131r \u00fcr\u00fcnler, ki\u015fisel ve \u00f6zel an\u0131lar olu\u015fturmak i\u00e7in harika bir tercih. E\u011fer belirli bir \u00fcr\u00fcn ya da tasar\u0131m ar\u0131yorsan\u0131z, daha fazla bilgi i\u00e7in, bizimle ileti\u015fime ge\u00e7ebilirsiniz.<\/p>\t\t\t\t\t\t<\/div>\n\t\t\t\t<\/div>\n\t\t\t\t<\/div>\n\t\t\t\t<\/div>\n\t\t<div class=\"elementor-element elementor-element-395c9c0a e-flex e-con-boxed e-con e-parent\" data-id=\"395c9c0a\" data-element_type=\"container\">\n\t\t\t\t\t<div class=\"e-con-inner\">\n\t\t\t\t<div class=\"elementor-element elementor-element-545e630 elementor-widget-divider--view-line elementor-widget elementor-widget-divider\" data-id=\"545e630\" data-element_type=\"widget\" data-widget_type=\"divider.default\">\n\t\t\t\t<div class=\"elementor-widget-container\">\n\t\t\t\t\t<div class=\"elementor-divider\">\n\t\t\t<span class=\"elementor-divider-separator\">\n\t\t\t\t\t\t<\/span>\n\t\t<\/div>\n\t\t\t\t<\/div>\n\t\t\t\t<\/div>\n\t\t\t\t<div class=\"elementor-element elementor-element-47b9c137 elementor-widget elementor-widget-heading\" data-id=\"47b9c137\" data-element_type=\"widget\" data-widget_type=\"heading.default\">\n\t\t\t\t<div class=\"elementor-widget-container\">\n\t\t\t<h2 class=\"elementor-heading-title elementor-size-default\">\u00f6zel \u00fcretimlerimiz<\/h2>\t\t<\/div>\n\t\t\t\t<\/div>\n\t\t\t\t<div class=\"elementor-element elementor-element-5ec1d93d elementor-invisible elementor-widget elementor-widget-text-editor\" data-id=\"5ec1d93d\" data-element_type=\"widget\" data-settings=\"{&quot;_animation&quot;:&quot;fadeIn&quot;}\" data-widget_type=\"text-editor.default\">\n\t\t\t\t<div class=\"elementor-widget-container\">\n\t\t\t\t\t\t\t<p>\u0130sim, logo, resim, foto\u011fraf gibi taleplerinizi \u00fcr\u00fcnlerimize i\u015fleyerek, \u00e7ok \u00f6zel \u00fcr\u00fcnler \u00fcretebiliriz.<\/p><p>Kurumlara, \u015firketlere, ki\u015filere uygun \u00fcretim modellerimiz de bulunmaktad\u0131r.<\/p>\t\t\t\t\t\t<\/div>\n\t\t\t\t<\/div>\n\t\t<div class=\"elementor-element elementor-element-b364211 e-con-full e-flex e-con e-child\" data-id=\"b364211\" data-element_type=\"container\">\n\t\t\t\t<div class=\"elementor-element elementor-element-638dcf7 elementor-widget elementor-widget-image\" data-id=\"638dcf7\" data-element_type=\"widget\" data-widget_type=\"image.default\">\n\t\t\t\t<div class=\"elementor-widget-container\">\n\t\t\t\t\t\t\t\t\t\t\t\t\t<img fetchpriority=\"high\" decoding=\"async\" width=\"800\" height=\"800\" src=\"https:\/\/trendbakir.com\/wp-content\/uploads\/2024\/10\/isimli-saat-1024x1024.jpg\" class=\"attachment-large size-large wp-image-2232\" alt=\"\" srcset=\"https:\/\/trendbakir.com\/wp-content\/uploads\/2024\/10\/isimli-saat-1024x1024.jpg 1024w, https:\/\/trendbakir.com\/wp-content\/uploads\/2024\/10\/isimli-saat-300x300.jpg 300w, https:\/\/trendbakir.com\/wp-content\/uploads\/2024\/10\/isimli-saat-150x150.jpg 150w, https:\/\/trendbakir.com\/wp-content\/uploads\/2024\/10\/isimli-saat-768x768.jpg 768w, https:\/\/trendbakir.com\/wp-content\/uploads\/2024\/10\/isimli-saat.jpg 1512w\" sizes=\"(max-width: 800px) 100vw, 800px\" \/>\t\t\t\t\t\t\t\t\t\t\t\t\t<\/div>\n\t\t\t\t<\/div>\n\t\t\t\t<\/div>\n\t\t\t\t\t<\/div>\n\t\t\t\t<\/div>\n\t\t\t\t<\/div>\n\t\t","protected":false},"excerpt":{"rendered":"<p>Erzincan hediyelik el sanatlar\u0131 \u00fcretim at\u00f6lyesiyiz 1984 y\u0131l\u0131nda kurulan at\u00f6lyemiz, uzun y\u0131llard\u0131r \u00fcr\u00fcn \u00e7e\u015fitlili\u011fi ve kalitesi ile \u00fcretime devam etmektedir. Alan\u0131nda son derece uzman kadromuz ve ustalar\u0131m\u0131z\u0131n yetenekleri sayesinde muhte\u015fem eserler \u00fcretmekteyiz. Erzincan, bak\u0131r el sanatlar\u0131 konusunda \u00e7ok geli\u015fmi\u015f bir \u015fehir olup, bak\u0131r \u00fcretimi konusunda k\u00f6kl\u00fc bir ge\u00e7mi\u015fe sahiptir. Erzincan bak\u0131r\u0131, \u00f6zellikle el i\u015f\u00e7ili\u011fi ile [&hellip;]<\/p>\n","protected":false},"author":1,"featured_media":0,"parent":0,"menu_order":0,"comment_status":"closed","ping_status":"closed","template":"elementor_header_footer","meta":{"footnotes":""},"class_list":["post-928","page","type-page","status-publish","hentry"],"yoast_head":"<!-- This site is optimized with the Yoast SEO plugin v24.2 - https:\/\/yoast.com\/wordpress\/plugins\/seo\/ -->\n<title>Hakk\u0131m\u0131zda - http:\/\/trendbakir.com<\/title>\n<meta name=\"robots\" content=\"index, follow, max-snippet:-1, max-image-preview:large, max-video-preview:-1\" \/>\n<link rel=\"canonical\" href=\"https:\/\/trendbakir.com\/?page_id=928\" \/>\n<meta property=\"og:locale\" content=\"tr_TR\" \/>\n<meta property=\"og:type\" content=\"article\" \/>\n<meta property=\"og:title\" content=\"Hakk\u0131m\u0131zda - http:\/\/trendbakir.com\" \/>\n<meta property=\"og:description\" content=\"Erzincan hediyelik el sanatlar\u0131 \u00fcretim at\u00f6lyesiyiz 1984 y\u0131l\u0131nda kurulan at\u00f6lyemiz, uzun y\u0131llard\u0131r \u00fcr\u00fcn \u00e7e\u015fitlili\u011fi ve kalitesi ile \u00fcretime devam etmektedir. Alan\u0131nda son derece uzman kadromuz ve ustalar\u0131m\u0131z\u0131n yetenekleri sayesinde muhte\u015fem eserler \u00fcretmekteyiz. Erzincan, bak\u0131r el sanatlar\u0131 konusunda \u00e7ok geli\u015fmi\u015f bir \u015fehir olup, bak\u0131r \u00fcretimi konusunda k\u00f6kl\u00fc bir ge\u00e7mi\u015fe sahiptir. Erzincan bak\u0131r\u0131, \u00f6zellikle el i\u015f\u00e7ili\u011fi ile [&hellip;]\" \/>\n<meta property=\"og:url\" content=\"https:\/\/trendbakir.com\/?page_id=928\" \/>\n<meta property=\"og:site_name\" content=\"http:\/\/trendbakir.com\" \/>\n<meta property=\"article:publisher\" content=\"https:\/\/www.instagram.com\/trend_bakir\/\" \/>\n<meta property=\"article:modified_time\" content=\"2024-10-31T13:29:57+00:00\" \/>\n<meta property=\"og:image\" content=\"http:\/\/trendbakir.com\/wp-content\/uploads\/2024\/10\/isimli-saat-1024x1024.jpg\" \/>\n<meta name=\"twitter:card\" content=\"summary_large_image\" \/>\n<meta name=\"twitter:label1\" content=\"Tahmini okuma s\u00fcresi\" \/>\n\t<meta name=\"twitter:data1\" content=\"2 dakika\" \/>\n<script type=\"application\/ld+json\" class=\"yoast-schema-graph\">{\"@context\":\"https:\/\/schema.org\",\"@graph\":[{\"@type\":\"WebPage\",\"@id\":\"https:\/\/trendbakir.com\/?page_id=928\",\"url\":\"https:\/\/trendbakir.com\/?page_id=928\",\"name\":\"Hakk\u0131m\u0131zda - http:\/\/trendbakir.com\",\"isPartOf\":{\"@id\":\"https:\/\/trendbakir.com\/#website\"},\"primaryImageOfPage\":{\"@id\":\"https:\/\/trendbakir.com\/?page_id=928#primaryimage\"},\"image\":{\"@id\":\"https:\/\/trendbakir.com\/?page_id=928#primaryimage\"},\"thumbnailUrl\":\"http:\/\/trendbakir.com\/wp-content\/uploads\/2024\/10\/isimli-saat-1024x1024.jpg\",\"datePublished\":\"2024-10-20T15:44:25+00:00\",\"dateModified\":\"2024-10-31T13:29:57+00:00\",\"breadcrumb\":{\"@id\":\"https:\/\/trendbakir.com\/?page_id=928#breadcrumb\"},\"inLanguage\":\"tr\",\"potentialAction\":[{\"@type\":\"ReadAction\",\"target\":[\"https:\/\/trendbakir.com\/?page_id=928\"]}]},{\"@type\":\"ImageObject\",\"inLanguage\":\"tr\",\"@id\":\"https:\/\/trendbakir.com\/?page_id=928#primaryimage\",\"url\":\"https:\/\/trendbakir.com\/wp-content\/uploads\/2024\/10\/isimli-saat.jpg\",\"contentUrl\":\"https:\/\/trendbakir.com\/wp-content\/uploads\/2024\/10\/isimli-saat.jpg\",\"width\":1512,\"height\":1512},{\"@type\":\"BreadcrumbList\",\"@id\":\"https:\/\/trendbakir.com\/?page_id=928#breadcrumb\",\"itemListElement\":[{\"@type\":\"ListItem\",\"position\":1,\"name\":\"Anasayfa\",\"item\":\"https:\/\/trendbakir.com\/\"},{\"@type\":\"ListItem\",\"position\":2,\"name\":\"Hakk\u0131m\u0131zda\"}]},{\"@type\":\"WebSite\",\"@id\":\"https:\/\/trendbakir.com\/#website\",\"url\":\"https:\/\/trendbakir.com\/\",\"name\":\"http:\/\/www.trendbakir.com\",\"description\":\"http:\/\/trendbakir.com\",\"publisher\":{\"@id\":\"https:\/\/trendbakir.com\/#organization\"},\"potentialAction\":[{\"@type\":\"SearchAction\",\"target\":{\"@type\":\"EntryPoint\",\"urlTemplate\":\"https:\/\/trendbakir.com\/?s={search_term_string}\"},\"query-input\":{\"@type\":\"PropertyValueSpecification\",\"valueRequired\":true,\"valueName\":\"search_term_string\"}}],\"inLanguage\":\"tr\"},{\"@type\":\"Organization\",\"@id\":\"https:\/\/trendbakir.com\/#organization\",\"name\":\"TREND BAKIR TUR\u0130ZM SANAY\u0130 VE T\u0130CARET L\u0130M\u0130TED \u015e\u0130RKET\u0130\",\"url\":\"https:\/\/trendbakir.com\/\",\"logo\":{\"@type\":\"ImageObject\",\"inLanguage\":\"tr\",\"@id\":\"https:\/\/trendbakir.com\/#\/schema\/logo\/image\/\",\"url\":\"https:\/\/trendbakir.com\/wp-content\/uploads\/2024\/10\/logo.png\",\"contentUrl\":\"https:\/\/trendbakir.com\/wp-content\/uploads\/2024\/10\/logo.png\",\"width\":311,\"height\":296,\"caption\":\"TREND BAKIR TUR\u0130ZM SANAY\u0130 VE T\u0130CARET L\u0130M\u0130TED \u015e\u0130RKET\u0130\"},\"image\":{\"@id\":\"https:\/\/trendbakir.com\/#\/schema\/logo\/image\/\"},\"sameAs\":[\"https:\/\/www.instagram.com\/trend_bakir\/\"]}]}<\/script>\n<!-- \/ Yoast SEO plugin. -->","yoast_head_json":{"title":"Hakk\u0131m\u0131zda - http:\/\/trendbakir.com","robots":{"index":"index","follow":"follow","max-snippet":"max-snippet:-1","max-image-preview":"max-image-preview:large","max-video-preview":"max-video-preview:-1"},"canonical":"https:\/\/trendbakir.com\/?page_id=928","og_locale":"tr_TR","og_type":"article","og_title":"Hakk\u0131m\u0131zda - http:\/\/trendbakir.com","og_description":"Erzincan hediyelik el sanatlar\u0131 \u00fcretim at\u00f6lyesiyiz 1984 y\u0131l\u0131nda kurulan at\u00f6lyemiz, uzun y\u0131llard\u0131r \u00fcr\u00fcn \u00e7e\u015fitlili\u011fi ve kalitesi ile \u00fcretime devam etmektedir. Alan\u0131nda son derece uzman kadromuz ve ustalar\u0131m\u0131z\u0131n yetenekleri sayesinde muhte\u015fem eserler \u00fcretmekteyiz. Erzincan, bak\u0131r el sanatlar\u0131 konusunda \u00e7ok geli\u015fmi\u015f bir \u015fehir olup, bak\u0131r \u00fcretimi konusunda k\u00f6kl\u00fc bir ge\u00e7mi\u015fe sahiptir. Erzincan bak\u0131r\u0131, \u00f6zellikle el i\u015f\u00e7ili\u011fi ile [&hellip;]","og_url":"https:\/\/trendbakir.com\/?page_id=928","og_site_name":"http:\/\/trendbakir.com","article_publisher":"https:\/\/www.instagram.com\/trend_bakir\/","article_modified_time":"2024-10-31T13:29:57+00:00","og_image":[{"url":"http:\/\/trendbakir.com\/wp-content\/uploads\/2024\/10\/isimli-saat-1024x1024.jpg","type":"","width":"","height":""}],"twitter_card":"summary_large_image","twitter_misc":{"Tahmini okuma s\u00fcresi":"2 dakika"},"schema":{"@context":"https:\/\/schema.org","@graph":[{"@type":"WebPage","@id":"https:\/\/trendbakir.com\/?page_id=928","url":"https:\/\/trendbakir.com\/?page_id=928","name":"Hakk\u0131m\u0131zda - http:\/\/trendbakir.com","isPartOf":{"@id":"https:\/\/trendbakir.com\/#website"},"primaryImageOfPage":{"@id":"https:\/\/trendbakir.com\/?page_id=928#primaryimage"},"image":{"@id":"https:\/\/trendbakir.com\/?page_id=928#primaryimage"},"thumbnailUrl":"http:\/\/trendbakir.com\/wp-content\/uploads\/2024\/10\/isimli-saat-1024x1024.jpg","datePublished":"2024-10-20T15:44:25+00:00","dateModified":"2024-10-31T13:29:57+00:00","breadcrumb":{"@id":"https:\/\/trendbakir.com\/?page_id=928#breadcrumb"},"inLanguage":"tr","potentialAction":[{"@type":"ReadAction","target":["https:\/\/trendbakir.com\/?page_id=928"]}]},{"@type":"ImageObject","inLanguage":"tr","@id":"https:\/\/trendbakir.com\/?page_id=928#primaryimage","url":"https:\/\/trendbakir.com\/wp-content\/uploads\/2024\/10\/isimli-saat.jpg","contentUrl":"https:\/\/trendbakir.com\/wp-content\/uploads\/2024\/10\/isimli-saat.jpg","width":1512,"height":1512},{"@type":"BreadcrumbList","@id":"https:\/\/trendbakir.com\/?page_id=928#breadcrumb","itemListElement":[{"@type":"ListItem","position":1,"name":"Anasayfa","item":"https:\/\/trendbakir.com\/"},{"@type":"ListItem","position":2,"name":"Hakk\u0131m\u0131zda"}]},{"@type":"WebSite","@id":"https:\/\/trendbakir.com\/#website","url":"https:\/\/trendbakir.com\/","name":"http:\/\/www.trendbakir.com","description":"http:\/\/trendbakir.com","publisher":{"@id":"https:\/\/trendbakir.com\/#organization"},"potentialAction":[{"@type":"SearchAction","target":{"@type":"EntryPoint","urlTemplate":"https:\/\/trendbakir.com\/?s={search_term_string}"},"query-input":{"@type":"PropertyValueSpecification","valueRequired":true,"valueName":"search_term_string"}}],"inLanguage":"tr"},{"@type":"Organization","@id":"https:\/\/trendbakir.com\/#organization","name":"TREND BAKIR TUR\u0130ZM SANAY\u0130 VE T\u0130CARET L\u0130M\u0130TED \u015e\u0130RKET\u0130","url":"https:\/\/trendbakir.com\/","logo":{"@type":"ImageObject","inLanguage":"tr","@id":"https:\/\/trendbakir.com\/#\/schema\/logo\/image\/","url":"https:\/\/trendbakir.com\/wp-content\/uploads\/2024\/10\/logo.png","contentUrl":"https:\/\/trendbakir.com\/wp-content\/uploads\/2024\/10\/logo.png","width":311,"height":296,"caption":"TREND BAKIR TUR\u0130ZM SANAY\u0130 VE T\u0130CARET L\u0130M\u0130TED \u015e\u0130RKET\u0130"},"image":{"@id":"https:\/\/trendbakir.com\/#\/schema\/logo\/image\/"},"sameAs":["https:\/\/www.instagram.com\/trend_bakir\/"]}]}},"_links":{"self":[{"href":"https:\/\/trendbakir.com\/index.php?rest_route=\/wp\/v2\/pages\/928","targetHints":{"allow":["GET"]}}],"collection":[{"href":"https:\/\/trendbakir.com\/index.php?rest_route=\/wp\/v2\/pages"}],"about":[{"href":"https:\/\/trendbakir.com\/index.php?rest_route=\/wp\/v2\/types\/page"}],"author":[{"embeddable":true,"href":"https:\/\/trendbakir.com\/index.php?rest_route=\/wp\/v2\/users\/1"}],"replies":[{"embeddable":true,"href":"https:\/\/trendbakir.com\/index.php?rest_route=%2Fwp%2Fv2%2Fcomments&post=928"}],"version-history":[{"count":17,"href":"https:\/\/trendbakir.com\/index.php?rest_route=\/wp\/v2\/pages\/928\/revisions"}],"predecessor-version":[{"id":2740,"href":"https:\/\/trendbakir.com\/index.php?rest_route=\/wp\/v2\/pages\/928\/revisions\/2740"}],"wp:attachment":[{"href":"https:\/\/trendbakir.com\/index.php?rest_route=%2Fwp%2Fv2%2Fmedia&parent=928"}],"curies":[{"name":"wp","href":"https:\/\/api.w.org\/{rel}","templated":true}]}}