{"id":916,"date":"2024-10-20T18:42:19","date_gmt":"2024-10-20T15:42:19","guid":{"rendered":"https:\/\/trendbakir.com\/?page_id=916"},"modified":"2026-03-23T15:06:21","modified_gmt":"2026-03-23T12:06:21","slug":"contact-us","status":"publish","type":"page","link":"https:\/\/trendbakir.com\/?page_id=916","title":{"rendered":"\u0130leti\u015fim"},"content":{"rendered":"\t\t<div data-elementor-type=\"wp-page\" data-elementor-id=\"916\" class=\"elementor elementor-916\" data-elementor-post-type=\"page\">\n\t\t\t\t<div class=\"elementor-element elementor-element-687a89c3 e-con-full e-flex e-con e-parent\" data-id=\"687a89c3\" data-element_type=\"container\">\n\t\t<div class=\"elementor-element elementor-element-5d406b18 e-con-full e-flex e-con e-child\" data-id=\"5d406b18\" data-element_type=\"container\">\n\t\t<div class=\"elementor-element elementor-element-acb4f3c e-con-full e-flex e-con e-child\" data-id=\"acb4f3c\" data-element_type=\"container\">\n\t\t\t\t<div class=\"elementor-element elementor-element-2efefc50 elementor-widget elementor-widget-heading\" data-id=\"2efefc50\" data-element_type=\"widget\" data-widget_type=\"heading.default\">\n\t\t\t\t<div class=\"elementor-widget-container\">\n\t\t\t<h1 class=\"elementor-heading-title elementor-size-default\"><a href=\"http:\/\/www.trendbakir.com\">www.trendbakir.com<\/a><\/h1>\t\t<\/div>\n\t\t\t\t<\/div>\n\t\t\t\t<div class=\"elementor-element elementor-element-8128e08 elementor-widget elementor-widget-heading\" data-id=\"8128e08\" data-element_type=\"widget\" data-widget_type=\"heading.default\">\n\t\t\t\t<div class=\"elementor-widget-container\">\n\t\t\t<h1 class=\"elementor-heading-title elementor-size-default\">info@trendbakir.com<\/h1>\t\t<\/div>\n\t\t\t\t<\/div>\n\t\t\t\t<div class=\"elementor-element elementor-element-77bb5548 elementor-widget__width-initial elementor-invisible elementor-widget elementor-widget-text-editor\" data-id=\"77bb5548\" data-element_type=\"widget\" data-settings=\"{&quot;_animation&quot;:&quot;fadeInDown&quot;}\" data-widget_type=\"text-editor.default\">\n\t\t\t\t<div class=\"elementor-widget-container\">\n\t\t\t\t\t\t\t<p><strong>Adres <\/strong>: \u0130zzet pa\u015fa mah. 858. sok. No : 8\/D<\/p><p>ERZ\u0130NCAN<\/p>\t\t\t\t\t\t<\/div>\n\t\t\t\t<\/div>\n\t\t\t\t<\/div>\n\t\t<div class=\"elementor-element elementor-element-1b956c00 e-con-full e-flex e-con e-child\" data-id=\"1b956c00\" data-element_type=\"container\">\n\t\t\t\t<div class=\"elementor-element elementor-element-7f714bb2 elementor-widget__width-initial elementor-widget-mobile__width-inherit elementor-widget elementor-widget-icon-box\" data-id=\"7f714bb2\" data-element_type=\"widget\" data-widget_type=\"icon-box.default\">\n\t\t\t\t<div class=\"elementor-widget-container\">\n\t\t\t\t\t<div class=\"elementor-icon-box-wrapper\">\n\n\t\t\t\n\t\t\t\t\t\t<div class=\"elementor-icon-box-content\">\n\n\t\t\t\t\t\t\t\t\t<h3 class=\"elementor-icon-box-title\">\n\t\t\t\t\t\t<span  >\n\t\t\t\t\t\t\tBize ula\u015f\u0131n\t\t\t\t\t\t<\/span>\n\t\t\t\t\t<\/h3>\n\t\t\t\t\n\t\t\t\t\t\t\t\t\t<p class=\"elementor-icon-box-description\">\n\t\t\t\t\t\t+90 0446 214 09 09<br>\n+90 0532 491 38 43<br>\n+90 0543 644 24 24<br>\ntrendbakir@hotmail.com <br>\t\t\t\t\t<\/p>\n\t\t\t\t\n\t\t\t<\/div>\n\t\t\t\n\t\t<\/div>\n\t\t\t\t<\/div>\n\t\t\t\t<\/div>\n\t\t\t\t<div class=\"elementor-element elementor-element-12f7b6f3 elementor-widget__width-initial elementor-widget-mobile__width-inherit elementor-widget elementor-widget-icon-box\" data-id=\"12f7b6f3\" data-element_type=\"widget\" data-widget_type=\"icon-box.default\">\n\t\t\t\t<div class=\"elementor-widget-container\">\n\t\t\t\t\t<div class=\"elementor-icon-box-wrapper\">\n\n\t\t\t\n\t\t\t\t\t\t<div class=\"elementor-icon-box-content\">\n\n\t\t\t\t\t\t\t\t\t<h3 class=\"elementor-icon-box-title\">\n\t\t\t\t\t\t<span  >\n\t\t\t\t\t\t\t\u00c7al\u0131\u015fma saatleri\t\t\t\t\t\t<\/span>\n\t\t\t\t\t<\/h3>\n\t\t\t\t\n\t\t\t\t\t\t\t\t\t<p class=\"elementor-icon-box-description\">\n\t\t\t\t\t\tPazartesi, Sal\u0131, \u00c7ar\u015famba, Per\u015fembe, Cuma g\u00fcnleri: 08-17\nCumartesi g\u00fcn\u00fc: 08-13:30\t\t\t\t\t<\/p>\n\t\t\t\t\n\t\t\t<\/div>\n\t\t\t\n\t\t<\/div>\n\t\t\t\t<\/div>\n\t\t\t\t<\/div>\n\t\t\t\t<\/div>\n\t\t\t\t<\/div>\n\t\t<div class=\"elementor-element elementor-element-2aca51fb e-con-full e-flex e-con e-child\" data-id=\"2aca51fb\" data-element_type=\"container\" data-settings=\"{&quot;background_background&quot;:&quot;classic&quot;}\">\n\t\t\t\t<\/div>\n\t\t\t\t<\/div>\n\t\t<div class=\"elementor-element elementor-element-70c2e29 e-flex e-con-boxed e-con e-parent\" data-id=\"70c2e29\" data-element_type=\"container\">\n\t\t\t\t\t<div class=\"e-con-inner\">\n\t\t<div class=\"elementor-element elementor-element-af443b0 e-grid e-con-full e-con e-child\" data-id=\"af443b0\" data-element_type=\"container\">\n\t\t\t\t<div class=\"elementor-element elementor-element-88c3cd2 elementor-widget elementor-widget-heading\" data-id=\"88c3cd2\" data-element_type=\"widget\" data-widget_type=\"heading.default\">\n\t\t\t\t<div class=\"elementor-widget-container\">\n\t\t\t<h2 class=\"elementor-heading-title elementor-size-default\"><br><br>konumumuz<\/h2>\t\t<\/div>\n\t\t\t\t<\/div>\n\t\t\t\t<div class=\"elementor-element elementor-element-af73745 elementor-widget elementor-widget-google_maps\" data-id=\"af73745\" data-element_type=\"widget\" data-widget_type=\"google_maps.default\">\n\t\t\t\t<div class=\"elementor-widget-container\">\n\t\t\t\t\t<div class=\"elementor-custom-embed\">\n\t\t\t<iframe loading=\"lazy\"\n\t\t\t\t\tsrc=\"https:\/\/maps.google.com\/maps?q=%C4%B0zzetpa%C5%9Fa%20mah.%20858.%20sok.%20No%20%3A%208%2FD%20ERZ%C4%B0NCAN&#038;t=m&#038;z=17&#038;output=embed&#038;iwloc=near\"\n\t\t\t\t\ttitle=\"\u0130zzetpa\u015fa mah. 858. sok. No : 8\/D ERZ\u0130NCAN\"\n\t\t\t\t\taria-label=\"\u0130zzetpa\u015fa mah. 858. sok. No : 8\/D ERZ\u0130NCAN\"\n\t\t\t><\/iframe>\n\t\t<\/div>\n\t\t\t\t<\/div>\n\t\t\t\t<\/div>\n\t\t\t\t<\/div>\n\t\t\t\t\t<\/div>\n\t\t\t\t<\/div>\n\t\t\t\t<\/div>\n\t\t","protected":false},"excerpt":{"rendered":"<p>www.trendbakir.com info@trendbakir.com Adres : \u0130zzet pa\u015fa mah. 858. sok. No : 8\/D ERZ\u0130NCAN Bize ula\u015f\u0131n +90 0446 214 09 09 +90 0532 491 38 43 +90 0543 644 24 24 trendbakir@hotmail.com \u00c7al\u0131\u015fma saatleri Pazartesi, Sal\u0131, \u00c7ar\u015famba, Per\u015fembe, Cuma g\u00fcnleri: 08-17 Cumartesi g\u00fcn\u00fc: 08-13:30 konumumuz<\/p>\n","protected":false},"author":1,"featured_media":0,"parent":0,"menu_order":0,"comment_status":"closed","ping_status":"closed","template":"elementor_header_footer","meta":{"footnotes":""},"class_list":["post-916","page","type-page","status-publish","hentry"],"yoast_head":"<!-- This site is optimized with the Yoast SEO plugin v24.2 - https:\/\/yoast.com\/wordpress\/plugins\/seo\/ -->\n<title>\u0130leti\u015fim - http:\/\/trendbakir.com<\/title>\n<meta name=\"robots\" content=\"index, follow, max-snippet:-1, max-image-preview:large, max-video-preview:-1\" \/>\n<link rel=\"canonical\" href=\"https:\/\/trendbakir.com\/?page_id=916\" \/>\n<meta property=\"og:locale\" content=\"tr_TR\" \/>\n<meta property=\"og:type\" content=\"article\" \/>\n<meta property=\"og:title\" content=\"\u0130leti\u015fim - http:\/\/trendbakir.com\" \/>\n<meta property=\"og:description\" content=\"www.trendbakir.com info@trendbakir.com Adres : \u0130zzet pa\u015fa mah. 858. sok. No : 8\/D ERZ\u0130NCAN Bize ula\u015f\u0131n +90 0446 214 09 09 +90 0532 491 38 43 +90 0543 644 24 24 trendbakir@hotmail.com \u00c7al\u0131\u015fma saatleri Pazartesi, Sal\u0131, \u00c7ar\u015famba, Per\u015fembe, Cuma g\u00fcnleri: 08-17 Cumartesi g\u00fcn\u00fc: 08-13:30 konumumuz\" \/>\n<meta property=\"og:url\" content=\"https:\/\/trendbakir.com\/?page_id=916\" \/>\n<meta property=\"og:site_name\" content=\"http:\/\/trendbakir.com\" \/>\n<meta property=\"article:publisher\" content=\"https:\/\/www.instagram.com\/trend_bakir\/\" \/>\n<meta property=\"article:modified_time\" content=\"2026-03-23T12:06:21+00:00\" \/>\n<meta name=\"twitter:card\" content=\"summary_large_image\" \/>\n<meta name=\"twitter:label1\" content=\"Tahmini okuma s\u00fcresi\" \/>\n\t<meta name=\"twitter:data1\" content=\"1 dakika\" \/>\n<script type=\"application\/ld+json\" class=\"yoast-schema-graph\">{\"@context\":\"https:\/\/schema.org\",\"@graph\":[{\"@type\":\"WebPage\",\"@id\":\"https:\/\/trendbakir.com\/?page_id=916\",\"url\":\"https:\/\/trendbakir.com\/?page_id=916\",\"name\":\"\u0130leti\u015fim - http:\/\/trendbakir.com\",\"isPartOf\":{\"@id\":\"https:\/\/trendbakir.com\/#website\"},\"datePublished\":\"2024-10-20T15:42:19+00:00\",\"dateModified\":\"2026-03-23T12:06:21+00:00\",\"breadcrumb\":{\"@id\":\"https:\/\/trendbakir.com\/?page_id=916#breadcrumb\"},\"inLanguage\":\"tr\",\"potentialAction\":[{\"@type\":\"ReadAction\",\"target\":[\"https:\/\/trendbakir.com\/?page_id=916\"]}]},{\"@type\":\"BreadcrumbList\",\"@id\":\"https:\/\/trendbakir.com\/?page_id=916#breadcrumb\",\"itemListElement\":[{\"@type\":\"ListItem\",\"position\":1,\"name\":\"Anasayfa\",\"item\":\"https:\/\/trendbakir.com\/\"},{\"@type\":\"ListItem\",\"position\":2,\"name\":\"\u0130leti\u015fim\"}]},{\"@type\":\"WebSite\",\"@id\":\"https:\/\/trendbakir.com\/#website\",\"url\":\"https:\/\/trendbakir.com\/\",\"name\":\"http:\/\/www.trendbakir.com\",\"description\":\"http:\/\/trendbakir.com\",\"publisher\":{\"@id\":\"https:\/\/trendbakir.com\/#organization\"},\"potentialAction\":[{\"@type\":\"SearchAction\",\"target\":{\"@type\":\"EntryPoint\",\"urlTemplate\":\"https:\/\/trendbakir.com\/?s={search_term_string}\"},\"query-input\":{\"@type\":\"PropertyValueSpecification\",\"valueRequired\":true,\"valueName\":\"search_term_string\"}}],\"inLanguage\":\"tr\"},{\"@type\":\"Organization\",\"@id\":\"https:\/\/trendbakir.com\/#organization\",\"name\":\"TREND BAKIR TUR\u0130ZM SANAY\u0130 VE T\u0130CARET L\u0130M\u0130TED \u015e\u0130RKET\u0130\",\"url\":\"https:\/\/trendbakir.com\/\",\"logo\":{\"@type\":\"ImageObject\",\"inLanguage\":\"tr\",\"@id\":\"https:\/\/trendbakir.com\/#\/schema\/logo\/image\/\",\"url\":\"https:\/\/trendbakir.com\/wp-content\/uploads\/2024\/10\/logo.png\",\"contentUrl\":\"https:\/\/trendbakir.com\/wp-content\/uploads\/2024\/10\/logo.png\",\"width\":311,\"height\":296,\"caption\":\"TREND BAKIR TUR\u0130ZM SANAY\u0130 VE T\u0130CARET L\u0130M\u0130TED \u015e\u0130RKET\u0130\"},\"image\":{\"@id\":\"https:\/\/trendbakir.com\/#\/schema\/logo\/image\/\"},\"sameAs\":[\"https:\/\/www.instagram.com\/trend_bakir\/\"]}]}<\/script>\n<!-- \/ Yoast SEO plugin. -->","yoast_head_json":{"title":"\u0130leti\u015fim - http:\/\/trendbakir.com","robots":{"index":"index","follow":"follow","max-snippet":"max-snippet:-1","max-image-preview":"max-image-preview:large","max-video-preview":"max-video-preview:-1"},"canonical":"https:\/\/trendbakir.com\/?page_id=916","og_locale":"tr_TR","og_type":"article","og_title":"\u0130leti\u015fim - http:\/\/trendbakir.com","og_description":"www.trendbakir.com info@trendbakir.com Adres : \u0130zzet pa\u015fa mah. 858. sok. No : 8\/D ERZ\u0130NCAN Bize ula\u015f\u0131n +90 0446 214 09 09 +90 0532 491 38 43 +90 0543 644 24 24 trendbakir@hotmail.com \u00c7al\u0131\u015fma saatleri Pazartesi, Sal\u0131, \u00c7ar\u015famba, Per\u015fembe, Cuma g\u00fcnleri: 08-17 Cumartesi g\u00fcn\u00fc: 08-13:30 konumumuz","og_url":"https:\/\/trendbakir.com\/?page_id=916","og_site_name":"http:\/\/trendbakir.com","article_publisher":"https:\/\/www.instagram.com\/trend_bakir\/","article_modified_time":"2026-03-23T12:06:21+00:00","twitter_card":"summary_large_image","twitter_misc":{"Tahmini okuma s\u00fcresi":"1 dakika"},"schema":{"@context":"https:\/\/schema.org","@graph":[{"@type":"WebPage","@id":"https:\/\/trendbakir.com\/?page_id=916","url":"https:\/\/trendbakir.com\/?page_id=916","name":"\u0130leti\u015fim - http:\/\/trendbakir.com","isPartOf":{"@id":"https:\/\/trendbakir.com\/#website"},"datePublished":"2024-10-20T15:42:19+00:00","dateModified":"2026-03-23T12:06:21+00:00","breadcrumb":{"@id":"https:\/\/trendbakir.com\/?page_id=916#breadcrumb"},"inLanguage":"tr","potentialAction":[{"@type":"ReadAction","target":["https:\/\/trendbakir.com\/?page_id=916"]}]},{"@type":"BreadcrumbList","@id":"https:\/\/trendbakir.com\/?page_id=916#breadcrumb","itemListElement":[{"@type":"ListItem","position":1,"name":"Anasayfa","item":"https:\/\/trendbakir.com\/"},{"@type":"ListItem","position":2,"name":"\u0130leti\u015fim"}]},{"@type":"WebSite","@id":"https:\/\/trendbakir.com\/#website","url":"https:\/\/trendbakir.com\/","name":"http:\/\/www.trendbakir.com","description":"http:\/\/trendbakir.com","publisher":{"@id":"https:\/\/trendbakir.com\/#organization"},"potentialAction":[{"@type":"SearchAction","target":{"@type":"EntryPoint","urlTemplate":"https:\/\/trendbakir.com\/?s={search_term_string}"},"query-input":{"@type":"PropertyValueSpecification","valueRequired":true,"valueName":"search_term_string"}}],"inLanguage":"tr"},{"@type":"Organization","@id":"https:\/\/trendbakir.com\/#organization","name":"TREND BAKIR TUR\u0130ZM SANAY\u0130 VE T\u0130CARET L\u0130M\u0130TED \u015e\u0130RKET\u0130","url":"https:\/\/trendbakir.com\/","logo":{"@type":"ImageObject","inLanguage":"tr","@id":"https:\/\/trendbakir.com\/#\/schema\/logo\/image\/","url":"https:\/\/trendbakir.com\/wp-content\/uploads\/2024\/10\/logo.png","contentUrl":"https:\/\/trendbakir.com\/wp-content\/uploads\/2024\/10\/logo.png","width":311,"height":296,"caption":"TREND BAKIR TUR\u0130ZM SANAY\u0130 VE T\u0130CARET L\u0130M\u0130TED \u015e\u0130RKET\u0130"},"image":{"@id":"https:\/\/trendbakir.com\/#\/schema\/logo\/image\/"},"sameAs":["https:\/\/www.instagram.com\/trend_bakir\/"]}]}},"_links":{"self":[{"href":"https:\/\/trendbakir.com\/index.php?rest_route=\/wp\/v2\/pages\/916","targetHints":{"allow":["GET"]}}],"collection":[{"href":"https:\/\/trendbakir.com\/index.php?rest_route=\/wp\/v2\/pages"}],"about":[{"href":"https:\/\/trendbakir.com\/index.php?rest_route=\/wp\/v2\/types\/page"}],"author":[{"embeddable":true,"href":"https:\/\/trendbakir.com\/index.php?rest_route=\/wp\/v2\/users\/1"}],"replies":[{"embeddable":true,"href":"https:\/\/trendbakir.com\/index.php?rest_route=%2Fwp%2Fv2%2Fcomments&post=916"}],"version-history":[{"count":41,"href":"https:\/\/trendbakir.com\/index.php?rest_route=\/wp\/v2\/pages\/916\/revisions"}],"predecessor-version":[{"id":3149,"href":"https:\/\/trendbakir.com\/index.php?rest_route=\/wp\/v2\/pages\/916\/revisions\/3149"}],"wp:attachment":[{"href":"https:\/\/trendbakir.com\/index.php?rest_route=%2Fwp%2Fv2%2Fmedia&parent=916"}],"curies":[{"name":"wp","href":"https:\/\/api.w.org\/{rel}","templated":true}]}}