{"id":1891,"date":"2024-10-29T13:19:37","date_gmt":"2024-10-29T10:19:37","guid":{"rendered":"https:\/\/trendbakir.com\/?page_id=1891"},"modified":"2024-10-29T13:21:17","modified_gmt":"2024-10-29T10:21:17","slug":"gallery-2-6","status":"publish","type":"page","link":"https:\/\/trendbakir.com\/?page_id=1891","title":{"rendered":"Di\u011fer"},"content":{"rendered":"\t\t<div data-elementor-type=\"wp-page\" data-elementor-id=\"1891\" class=\"elementor elementor-1891\" data-elementor-post-type=\"page\">\n\t\t\t\t<div class=\"elementor-element elementor-element-3231dec3 e-flex e-con-boxed e-con e-parent\" data-id=\"3231dec3\" data-element_type=\"container\" data-settings=\"{&quot;background_background&quot;:&quot;classic&quot;}\">\n\t\t\t\t\t<div class=\"e-con-inner\">\n\t\t<div class=\"elementor-element elementor-element-fb4de69 e-con-full e-flex elementor-invisible e-con e-child\" data-id=\"fb4de69\" data-element_type=\"container\" data-settings=\"{&quot;background_background&quot;:&quot;classic&quot;,&quot;position&quot;:&quot;absolute&quot;,&quot;animation&quot;:&quot;fadeInLeft&quot;}\">\n\t\t\t\t<\/div>\n\t\t<div class=\"elementor-element elementor-element-3c2bbab7 e-con-full e-flex e-con e-child\" data-id=\"3c2bbab7\" data-element_type=\"container\">\n\t\t<div class=\"elementor-element elementor-element-107ceb28 e-con-full e-flex e-con e-child\" data-id=\"107ceb28\" data-element_type=\"container\">\n\t\t\t\t<div class=\"elementor-element elementor-element-356ff48d elementor-invisible elementor-widget elementor-widget-heading\" data-id=\"356ff48d\" data-element_type=\"widget\" data-settings=\"{&quot;_animation&quot;:&quot;fadeIn&quot;}\" data-widget_type=\"heading.default\">\n\t\t\t\t<div class=\"elementor-widget-container\">\n\t\t\t<h1 class=\"elementor-heading-title elementor-size-default\">Di\u011fer \u00fcr\u00fcnlerimiz<\/h1>\t\t<\/div>\n\t\t\t\t<\/div>\n\t\t\t\t<div class=\"elementor-element elementor-element-3fc0253b elementor-widget__width-initial elementor-widget-mobile__width-inherit elementor-invisible elementor-widget elementor-widget-text-editor\" data-id=\"3fc0253b\" data-element_type=\"widget\" data-settings=\"{&quot;_animation&quot;:&quot;fadeIn&quot;,&quot;_animation_delay&quot;:&quot;200&quot;}\" data-widget_type=\"text-editor.default\">\n\t\t\t\t<div class=\"elementor-widget-container\">\n\t\t\t\t\t\t\t<p>Erzincan bak\u0131r el sanatlar\u0131<\/p>\t\t\t\t\t\t<\/div>\n\t\t\t\t<\/div>\n\t\t\t\t<\/div>\n\t\t\t\t<div class=\"elementor-element elementor-element-250a971e gallery-spacing-custom elementor-widget__width-inherit elementor-widget elementor-widget-image-gallery\" data-id=\"250a971e\" data-element_type=\"widget\" data-widget_type=\"image-gallery.default\">\n\t\t\t\t<div class=\"elementor-widget-container\">\n\t\t\t\t\t<div class=\"elementor-image-gallery\">\n\t\t\t<div id='gallery-1' class='gallery galleryid-1891 gallery-columns-5 gallery-size-full'><figure class='gallery-item'>\n\t\t\t<div class='gallery-icon landscape'>\n\t\t\t\t<a data-elementor-open-lightbox=\"yes\" data-elementor-lightbox-slideshow=\"250a971e\" data-elementor-lightbox-title=\"IMG_20240420_131056-Photoroom\" data-e-action-hash=\"#elementor-action%3Aaction%3Dlightbox%26settings%3DeyJpZCI6MjEyOSwidXJsIjoiaHR0cHM6XC9cL3RyZW5kYmFraXIuY29tXC93cC1jb250ZW50XC91cGxvYWRzXC8yMDI0XC8xMFwvSU1HXzIwMjQwNDIwXzEzMTA1Ni1QaG90b3Jvb20uanBnIiwic2xpZGVzaG93IjoiMjUwYTk3MWUifQ%3D%3D\" href='https:\/\/trendbakir.com\/wp-content\/uploads\/2024\/10\/IMG_20240420_131056-Photoroom.jpg'><img fetchpriority=\"high\" decoding=\"async\" width=\"2000\" height=\"1500\" src=\"https:\/\/trendbakir.com\/wp-content\/uploads\/2024\/10\/IMG_20240420_131056-Photoroom.jpg\" class=\"attachment-full size-full\" alt=\"\" srcset=\"https:\/\/trendbakir.com\/wp-content\/uploads\/2024\/10\/IMG_20240420_131056-Photoroom.jpg 2000w, https:\/\/trendbakir.com\/wp-content\/uploads\/2024\/10\/IMG_20240420_131056-Photoroom-300x225.jpg 300w, https:\/\/trendbakir.com\/wp-content\/uploads\/2024\/10\/IMG_20240420_131056-Photoroom-1024x768.jpg 1024w, https:\/\/trendbakir.com\/wp-content\/uploads\/2024\/10\/IMG_20240420_131056-Photoroom-768x576.jpg 768w, https:\/\/trendbakir.com\/wp-content\/uploads\/2024\/10\/IMG_20240420_131056-Photoroom-1536x1152.jpg 1536w\" sizes=\"(max-width: 2000px) 100vw, 2000px\" \/><\/a>\n\t\t\t<\/div><\/figure><figure class='gallery-item'>\n\t\t\t<div class='gallery-icon landscape'>\n\t\t\t\t<a data-elementor-open-lightbox=\"yes\" data-elementor-lightbox-slideshow=\"250a971e\" data-elementor-lightbox-title=\"IMG_20240420_131214-Photoroom\" data-e-action-hash=\"#elementor-action%3Aaction%3Dlightbox%26settings%3DeyJpZCI6MjEzMCwidXJsIjoiaHR0cHM6XC9cL3RyZW5kYmFraXIuY29tXC93cC1jb250ZW50XC91cGxvYWRzXC8yMDI0XC8xMFwvSU1HXzIwMjQwNDIwXzEzMTIxNC1QaG90b3Jvb20uanBnIiwic2xpZGVzaG93IjoiMjUwYTk3MWUifQ%3D%3D\" data-elementor-lightbox-description=\"Alternatif dekorlar\" href='https:\/\/trendbakir.com\/wp-content\/uploads\/2024\/10\/IMG_20240420_131214-Photoroom.jpg'><img decoding=\"async\" width=\"2000\" height=\"1500\" src=\"https:\/\/trendbakir.com\/wp-content\/uploads\/2024\/10\/IMG_20240420_131214-Photoroom.jpg\" class=\"attachment-full size-full\" alt=\"\" srcset=\"https:\/\/trendbakir.com\/wp-content\/uploads\/2024\/10\/IMG_20240420_131214-Photoroom.jpg 2000w, https:\/\/trendbakir.com\/wp-content\/uploads\/2024\/10\/IMG_20240420_131214-Photoroom-300x225.jpg 300w, https:\/\/trendbakir.com\/wp-content\/uploads\/2024\/10\/IMG_20240420_131214-Photoroom-1024x768.jpg 1024w, https:\/\/trendbakir.com\/wp-content\/uploads\/2024\/10\/IMG_20240420_131214-Photoroom-768x576.jpg 768w, https:\/\/trendbakir.com\/wp-content\/uploads\/2024\/10\/IMG_20240420_131214-Photoroom-1536x1152.jpg 1536w\" sizes=\"(max-width: 2000px) 100vw, 2000px\" \/><\/a>\n\t\t\t<\/div><\/figure><figure class='gallery-item'>\n\t\t\t<div class='gallery-icon portrait'>\n\t\t\t\t<a data-elementor-open-lightbox=\"yes\" data-elementor-lightbox-slideshow=\"250a971e\" data-elementor-lightbox-title=\"IMG_20240420_145159-Photoroom\" data-e-action-hash=\"#elementor-action%3Aaction%3Dlightbox%26settings%3DeyJpZCI6MjEzMSwidXJsIjoiaHR0cHM6XC9cL3RyZW5kYmFraXIuY29tXC93cC1jb250ZW50XC91cGxvYWRzXC8yMDI0XC8xMFwvSU1HXzIwMjQwNDIwXzE0NTE1OS1QaG90b3Jvb20uanBnIiwic2xpZGVzaG93IjoiMjUwYTk3MWUifQ%3D%3D\" data-elementor-lightbox-description=\"\u00c7ift renk vazolar\" href='https:\/\/trendbakir.com\/wp-content\/uploads\/2024\/10\/IMG_20240420_145159-Photoroom.jpg'><img decoding=\"async\" width=\"1500\" height=\"2000\" src=\"https:\/\/trendbakir.com\/wp-content\/uploads\/2024\/10\/IMG_20240420_145159-Photoroom.jpg\" class=\"attachment-full size-full\" alt=\"\" srcset=\"https:\/\/trendbakir.com\/wp-content\/uploads\/2024\/10\/IMG_20240420_145159-Photoroom.jpg 1500w, https:\/\/trendbakir.com\/wp-content\/uploads\/2024\/10\/IMG_20240420_145159-Photoroom-225x300.jpg 225w, https:\/\/trendbakir.com\/wp-content\/uploads\/2024\/10\/IMG_20240420_145159-Photoroom-768x1024.jpg 768w, https:\/\/trendbakir.com\/wp-content\/uploads\/2024\/10\/IMG_20240420_145159-Photoroom-1152x1536.jpg 1152w\" sizes=\"(max-width: 1500px) 100vw, 1500px\" \/><\/a>\n\t\t\t<\/div><\/figure>\n\t\t<\/div>\n\t\t<\/div>\n\t\t\t\t<\/div>\n\t\t\t\t<\/div>\n\t\t\t\t<\/div>\n\t\t\t\t\t<\/div>\n\t\t\t\t<\/div>\n\t\t<div class=\"elementor-element elementor-element-b53d93f e-flex e-con-boxed e-con e-parent\" data-id=\"b53d93f\" data-element_type=\"container\">\n\t\t\t\t\t<div class=\"e-con-inner\">\n\t\t\t\t<div class=\"elementor-element elementor-element-7a14096 elementor-align-center elementor-widget elementor-widget-button\" data-id=\"7a14096\" data-element_type=\"widget\" data-widget_type=\"button.default\">\n\t\t\t\t<div class=\"elementor-widget-container\">\n\t\t\t\t\t<div class=\"elementor-button-wrapper\">\n\t\t\t<a class=\"elementor-button elementor-button-link elementor-size-sm\" href=\"https:\/\/trendbakir.com\/?page_id=1035\">\n\t\t\t\t\t\t<span class=\"elementor-button-content-wrapper\">\n\t\t\t\t\t\t\t\t\t<span class=\"elementor-button-text\">Geri<\/span>\n\t\t\t\t\t<\/span>\n\t\t\t\t\t<\/a>\n\t\t<\/div>\n\t\t\t\t<\/div>\n\t\t\t\t<\/div>\n\t\t\t\t\t<\/div>\n\t\t\t\t<\/div>\n\t\t\t\t<\/div>\n\t\t","protected":false},"excerpt":{"rendered":"<p>Di\u011fer \u00fcr\u00fcnlerimiz Erzincan bak\u0131r el sanatlar\u0131 Geri<\/p>\n","protected":false},"author":1,"featured_media":1549,"parent":0,"menu_order":0,"comment_status":"closed","ping_status":"closed","template":"","meta":{"footnotes":""},"class_list":["post-1891","page","type-page","status-publish","has-post-thumbnail","hentry"],"yoast_head":"<!-- This site is optimized with the Yoast SEO plugin v24.2 - https:\/\/yoast.com\/wordpress\/plugins\/seo\/ -->\n<title>Di\u011fer - http:\/\/trendbakir.com<\/title>\n<meta name=\"robots\" content=\"index, follow, max-snippet:-1, max-image-preview:large, max-video-preview:-1\" \/>\n<link rel=\"canonical\" href=\"https:\/\/trendbakir.com\/?page_id=1891\" \/>\n<meta property=\"og:locale\" content=\"tr_TR\" \/>\n<meta property=\"og:type\" content=\"article\" \/>\n<meta property=\"og:title\" content=\"Di\u011fer - http:\/\/trendbakir.com\" \/>\n<meta property=\"og:description\" content=\"Di\u011fer \u00fcr\u00fcnlerimiz Erzincan bak\u0131r el sanatlar\u0131 Geri\" \/>\n<meta property=\"og:url\" content=\"https:\/\/trendbakir.com\/?page_id=1891\" \/>\n<meta property=\"og:site_name\" content=\"http:\/\/trendbakir.com\" \/>\n<meta property=\"article:publisher\" content=\"https:\/\/www.instagram.com\/trend_bakir\/\" \/>\n<meta property=\"article:modified_time\" content=\"2024-10-29T10:21:17+00:00\" \/>\n<meta property=\"og:image\" content=\"https:\/\/trendbakir.com\/wp-content\/uploads\/2024\/10\/Wedding-Photographer-Gallery.jpg\" \/>\n\t<meta property=\"og:image:width\" content=\"400\" \/>\n\t<meta property=\"og:image:height\" content=\"380\" \/>\n\t<meta property=\"og:image:type\" content=\"image\/jpeg\" \/>\n<meta name=\"twitter:card\" content=\"summary_large_image\" \/>\n<script type=\"application\/ld+json\" class=\"yoast-schema-graph\">{\"@context\":\"https:\/\/schema.org\",\"@graph\":[{\"@type\":\"WebPage\",\"@id\":\"https:\/\/trendbakir.com\/?page_id=1891\",\"url\":\"https:\/\/trendbakir.com\/?page_id=1891\",\"name\":\"Di\u011fer - http:\/\/trendbakir.com\",\"isPartOf\":{\"@id\":\"https:\/\/trendbakir.com\/#website\"},\"primaryImageOfPage\":{\"@id\":\"https:\/\/trendbakir.com\/?page_id=1891#primaryimage\"},\"image\":{\"@id\":\"https:\/\/trendbakir.com\/?page_id=1891#primaryimage\"},\"thumbnailUrl\":\"https:\/\/trendbakir.com\/wp-content\/uploads\/2024\/10\/Wedding-Photographer-Gallery.jpg\",\"datePublished\":\"2024-10-29T10:19:37+00:00\",\"dateModified\":\"2024-10-29T10:21:17+00:00\",\"breadcrumb\":{\"@id\":\"https:\/\/trendbakir.com\/?page_id=1891#breadcrumb\"},\"inLanguage\":\"tr\",\"potentialAction\":[{\"@type\":\"ReadAction\",\"target\":[\"https:\/\/trendbakir.com\/?page_id=1891\"]}]},{\"@type\":\"ImageObject\",\"inLanguage\":\"tr\",\"@id\":\"https:\/\/trendbakir.com\/?page_id=1891#primaryimage\",\"url\":\"https:\/\/trendbakir.com\/wp-content\/uploads\/2024\/10\/Wedding-Photographer-Gallery.jpg\",\"contentUrl\":\"https:\/\/trendbakir.com\/wp-content\/uploads\/2024\/10\/Wedding-Photographer-Gallery.jpg\",\"width\":400,\"height\":380},{\"@type\":\"BreadcrumbList\",\"@id\":\"https:\/\/trendbakir.com\/?page_id=1891#breadcrumb\",\"itemListElement\":[{\"@type\":\"ListItem\",\"position\":1,\"name\":\"Anasayfa\",\"item\":\"https:\/\/trendbakir.com\/\"},{\"@type\":\"ListItem\",\"position\":2,\"name\":\"Di\u011fer\"}]},{\"@type\":\"WebSite\",\"@id\":\"https:\/\/trendbakir.com\/#website\",\"url\":\"https:\/\/trendbakir.com\/\",\"name\":\"http:\/\/www.trendbakir.com\",\"description\":\"http:\/\/trendbakir.com\",\"publisher\":{\"@id\":\"https:\/\/trendbakir.com\/#organization\"},\"potentialAction\":[{\"@type\":\"SearchAction\",\"target\":{\"@type\":\"EntryPoint\",\"urlTemplate\":\"https:\/\/trendbakir.com\/?s={search_term_string}\"},\"query-input\":{\"@type\":\"PropertyValueSpecification\",\"valueRequired\":true,\"valueName\":\"search_term_string\"}}],\"inLanguage\":\"tr\"},{\"@type\":\"Organization\",\"@id\":\"https:\/\/trendbakir.com\/#organization\",\"name\":\"TREND BAKIR TUR\u0130ZM SANAY\u0130 VE T\u0130CARET L\u0130M\u0130TED \u015e\u0130RKET\u0130\",\"url\":\"https:\/\/trendbakir.com\/\",\"logo\":{\"@type\":\"ImageObject\",\"inLanguage\":\"tr\",\"@id\":\"https:\/\/trendbakir.com\/#\/schema\/logo\/image\/\",\"url\":\"https:\/\/trendbakir.com\/wp-content\/uploads\/2024\/10\/logo.png\",\"contentUrl\":\"https:\/\/trendbakir.com\/wp-content\/uploads\/2024\/10\/logo.png\",\"width\":311,\"height\":296,\"caption\":\"TREND BAKIR TUR\u0130ZM SANAY\u0130 VE T\u0130CARET L\u0130M\u0130TED \u015e\u0130RKET\u0130\"},\"image\":{\"@id\":\"https:\/\/trendbakir.com\/#\/schema\/logo\/image\/\"},\"sameAs\":[\"https:\/\/www.instagram.com\/trend_bakir\/\"]}]}<\/script>\n<!-- \/ Yoast SEO plugin. -->","yoast_head_json":{"title":"Di\u011fer - http:\/\/trendbakir.com","robots":{"index":"index","follow":"follow","max-snippet":"max-snippet:-1","max-image-preview":"max-image-preview:large","max-video-preview":"max-video-preview:-1"},"canonical":"https:\/\/trendbakir.com\/?page_id=1891","og_locale":"tr_TR","og_type":"article","og_title":"Di\u011fer - http:\/\/trendbakir.com","og_description":"Di\u011fer \u00fcr\u00fcnlerimiz Erzincan bak\u0131r el sanatlar\u0131 Geri","og_url":"https:\/\/trendbakir.com\/?page_id=1891","og_site_name":"http:\/\/trendbakir.com","article_publisher":"https:\/\/www.instagram.com\/trend_bakir\/","article_modified_time":"2024-10-29T10:21:17+00:00","og_image":[{"width":400,"height":380,"url":"https:\/\/trendbakir.com\/wp-content\/uploads\/2024\/10\/Wedding-Photographer-Gallery.jpg","type":"image\/jpeg"}],"twitter_card":"summary_large_image","schema":{"@context":"https:\/\/schema.org","@graph":[{"@type":"WebPage","@id":"https:\/\/trendbakir.com\/?page_id=1891","url":"https:\/\/trendbakir.com\/?page_id=1891","name":"Di\u011fer - http:\/\/trendbakir.com","isPartOf":{"@id":"https:\/\/trendbakir.com\/#website"},"primaryImageOfPage":{"@id":"https:\/\/trendbakir.com\/?page_id=1891#primaryimage"},"image":{"@id":"https:\/\/trendbakir.com\/?page_id=1891#primaryimage"},"thumbnailUrl":"https:\/\/trendbakir.com\/wp-content\/uploads\/2024\/10\/Wedding-Photographer-Gallery.jpg","datePublished":"2024-10-29T10:19:37+00:00","dateModified":"2024-10-29T10:21:17+00:00","breadcrumb":{"@id":"https:\/\/trendbakir.com\/?page_id=1891#breadcrumb"},"inLanguage":"tr","potentialAction":[{"@type":"ReadAction","target":["https:\/\/trendbakir.com\/?page_id=1891"]}]},{"@type":"ImageObject","inLanguage":"tr","@id":"https:\/\/trendbakir.com\/?page_id=1891#primaryimage","url":"https:\/\/trendbakir.com\/wp-content\/uploads\/2024\/10\/Wedding-Photographer-Gallery.jpg","contentUrl":"https:\/\/trendbakir.com\/wp-content\/uploads\/2024\/10\/Wedding-Photographer-Gallery.jpg","width":400,"height":380},{"@type":"BreadcrumbList","@id":"https:\/\/trendbakir.com\/?page_id=1891#breadcrumb","itemListElement":[{"@type":"ListItem","position":1,"name":"Anasayfa","item":"https:\/\/trendbakir.com\/"},{"@type":"ListItem","position":2,"name":"Di\u011fer"}]},{"@type":"WebSite","@id":"https:\/\/trendbakir.com\/#website","url":"https:\/\/trendbakir.com\/","name":"http:\/\/www.trendbakir.com","description":"http:\/\/trendbakir.com","publisher":{"@id":"https:\/\/trendbakir.com\/#organization"},"potentialAction":[{"@type":"SearchAction","target":{"@type":"EntryPoint","urlTemplate":"https:\/\/trendbakir.com\/?s={search_term_string}"},"query-input":{"@type":"PropertyValueSpecification","valueRequired":true,"valueName":"search_term_string"}}],"inLanguage":"tr"},{"@type":"Organization","@id":"https:\/\/trendbakir.com\/#organization","name":"TREND BAKIR TUR\u0130ZM SANAY\u0130 VE T\u0130CARET L\u0130M\u0130TED \u015e\u0130RKET\u0130","url":"https:\/\/trendbakir.com\/","logo":{"@type":"ImageObject","inLanguage":"tr","@id":"https:\/\/trendbakir.com\/#\/schema\/logo\/image\/","url":"https:\/\/trendbakir.com\/wp-content\/uploads\/2024\/10\/logo.png","contentUrl":"https:\/\/trendbakir.com\/wp-content\/uploads\/2024\/10\/logo.png","width":311,"height":296,"caption":"TREND BAKIR TUR\u0130ZM SANAY\u0130 VE T\u0130CARET L\u0130M\u0130TED \u015e\u0130RKET\u0130"},"image":{"@id":"https:\/\/trendbakir.com\/#\/schema\/logo\/image\/"},"sameAs":["https:\/\/www.instagram.com\/trend_bakir\/"]}]}},"_links":{"self":[{"href":"https:\/\/trendbakir.com\/index.php?rest_route=\/wp\/v2\/pages\/1891","targetHints":{"allow":["GET"]}}],"collection":[{"href":"https:\/\/trendbakir.com\/index.php?rest_route=\/wp\/v2\/pages"}],"about":[{"href":"https:\/\/trendbakir.com\/index.php?rest_route=\/wp\/v2\/types\/page"}],"author":[{"embeddable":true,"href":"https:\/\/trendbakir.com\/index.php?rest_route=\/wp\/v2\/users\/1"}],"replies":[{"embeddable":true,"href":"https:\/\/trendbakir.com\/index.php?rest_route=%2Fwp%2Fv2%2Fcomments&post=1891"}],"version-history":[{"count":4,"href":"https:\/\/trendbakir.com\/index.php?rest_route=\/wp\/v2\/pages\/1891\/revisions"}],"predecessor-version":[{"id":2134,"href":"https:\/\/trendbakir.com\/index.php?rest_route=\/wp\/v2\/pages\/1891\/revisions\/2134"}],"wp:featuredmedia":[{"embeddable":true,"href":"https:\/\/trendbakir.com\/index.php?rest_route=\/wp\/v2\/media\/1549"}],"wp:attachment":[{"href":"https:\/\/trendbakir.com\/index.php?rest_route=%2Fwp%2Fv2%2Fmedia&parent=1891"}],"curies":[{"name":"wp","href":"https:\/\/api.w.org\/{rel}","templated":true}]}}