{"id":1519,"date":"2024-10-22T16:11:04","date_gmt":"2024-10-22T13:11:04","guid":{"rendered":"https:\/\/trendbakir.com\/?page_id=1519"},"modified":"2024-11-01T20:23:58","modified_gmt":"2024-11-01T17:23:58","slug":"home-4","status":"publish","type":"page","link":"https:\/\/trendbakir.com\/","title":{"rendered":"Home"},"content":{"rendered":"\t\t<div data-elementor-type=\"wp-page\" data-elementor-id=\"1519\" class=\"elementor elementor-1519\" data-elementor-post-type=\"page\">\n\t\t\t\t<div class=\"elementor-element elementor-element-7519b4d2 e-con-full e-flex e-con e-parent\" data-id=\"7519b4d2\" data-element_type=\"container\" data-settings=\"{&quot;background_background&quot;:&quot;classic&quot;}\">\n\t\t<div class=\"elementor-element elementor-element-27beabab e-con-full e-flex e-con e-child\" data-id=\"27beabab\" data-element_type=\"container\" data-settings=\"{&quot;background_background&quot;:&quot;classic&quot;,&quot;shape_divider_top&quot;:&quot;mountains&quot;}\">\n\t\t\t\t<div class=\"elementor-shape elementor-shape-top\" data-negative=\"false\">\n\t\t\t<svg xmlns=\"http:\/\/www.w3.org\/2000\/svg\" viewBox=\"0 0 1000 100\" preserveAspectRatio=\"none\">\n\t<path class=\"elementor-shape-fill\" opacity=\"0.33\" d=\"M473,67.3c-203.9,88.3-263.1-34-320.3,0C66,119.1,0,59.7,0,59.7V0h1000v59.7 c0,0-62.1,26.1-94.9,29.3c-32.8,3.3-62.8-12.3-75.8-22.1C806,49.6,745.3,8.7,694.9,4.7S492.4,59,473,67.3z\"\/>\n\t<path class=\"elementor-shape-fill\" opacity=\"0.66\" d=\"M734,67.3c-45.5,0-77.2-23.2-129.1-39.1c-28.6-8.7-150.3-10.1-254,39.1 s-91.7-34.4-149.2,0C115.7,118.3,0,39.8,0,39.8V0h1000v36.5c0,0-28.2-18.5-92.1-18.5C810.2,18.1,775.7,67.3,734,67.3z\"\/>\n\t<path class=\"elementor-shape-fill\" d=\"M766.1,28.9c-200-57.5-266,65.5-395.1,19.5C242,1.8,242,5.4,184.8,20.6C128,35.8,132.3,44.9,89.9,52.5C28.6,63.7,0,0,0,0 h1000c0,0-9.9,40.9-83.6,48.1S829.6,47,766.1,28.9z\"\/>\n<\/svg>\t\t<\/div>\n\t\t<div class=\"elementor-element elementor-element-64c7d6e7 e-con-full e-flex e-con e-child\" data-id=\"64c7d6e7\" data-element_type=\"container\">\n\t\t\t\t<div class=\"elementor-element elementor-element-2257062e elementor-invisible elementor-widget elementor-widget-heading\" data-id=\"2257062e\" data-element_type=\"widget\" data-settings=\"{&quot;_animation&quot;:&quot;fadeIn&quot;,&quot;_animation_delay&quot;:&quot;200&quot;}\" data-widget_type=\"heading.default\">\n\t\t\t\t<div class=\"elementor-widget-container\">\n\t\t\t<h4 class=\"elementor-heading-title elementor-size-default\">Tarihten g\u00fcn\u00fcm\u00fcze<\/h4>\t\t<\/div>\n\t\t\t\t<\/div>\n\t\t\t\t<div class=\"elementor-element elementor-element-1f78f7ff elementor-widget__width-initial elementor-invisible elementor-widget elementor-widget-icon-box\" data-id=\"1f78f7ff\" data-element_type=\"widget\" data-settings=\"{&quot;_animation&quot;:&quot;fadeInLeft&quot;}\" data-widget_type=\"icon-box.default\">\n\t\t\t\t<div class=\"elementor-widget-container\">\n\t\t\t\t\t<div class=\"elementor-icon-box-wrapper\">\n\n\t\t\t\n\t\t\t\t\t\t<div class=\"elementor-icon-box-content\">\n\n\t\t\t\t\t\t\t\t\t<h3 class=\"elementor-icon-box-title\">\n\t\t\t\t\t\t<span  >\n\t\t\t\t\t\t\tZerafetin rengi\t\t\t\t\t\t<\/span>\n\t\t\t\t\t<\/h3>\n\t\t\t\t\n\t\t\t\t\t\t\t\t\t<p class=\"elementor-icon-box-description\">\n\t\t\t\t\t\tel yap\u0131m\u0131 bak\u0131r hediyelik \u00fcr\u00fcnler\t\t\t\t\t<\/p>\n\t\t\t\t\n\t\t\t<\/div>\n\t\t\t\n\t\t<\/div>\n\t\t\t\t<\/div>\n\t\t\t\t<\/div>\n\t\t\t\t<\/div>\n\t\t<div class=\"elementor-element elementor-element-633811ec e-con-full e-flex e-con e-child\" data-id=\"633811ec\" data-element_type=\"container\">\n\t\t\t\t<div class=\"elementor-element elementor-element-f7a57a8 animated-fast elementor-widget__width-initial elementor-invisible elementor-widget elementor-widget-image\" data-id=\"f7a57a8\" data-element_type=\"widget\" data-settings=\"{&quot;_animation&quot;:&quot;slideInLeft&quot;,&quot;_animation_delay&quot;:&quot;450&quot;}\" data-widget_type=\"image.default\">\n\t\t\t\t<div class=\"elementor-widget-container\">\n\t\t\t\t\t\t\t\t\t\t\t\t\t<img fetchpriority=\"high\" decoding=\"async\" width=\"1500\" height=\"2000\" src=\"https:\/\/trendbakir.com\/wp-content\/uploads\/2024\/10\/Surahi-Tepsili.jpg\" class=\"attachment-full size-full wp-image-1211\" alt=\"\" srcset=\"https:\/\/trendbakir.com\/wp-content\/uploads\/2024\/10\/Surahi-Tepsili.jpg 1500w, https:\/\/trendbakir.com\/wp-content\/uploads\/2024\/10\/Surahi-Tepsili-225x300.jpg 225w, https:\/\/trendbakir.com\/wp-content\/uploads\/2024\/10\/Surahi-Tepsili-768x1024.jpg 768w, https:\/\/trendbakir.com\/wp-content\/uploads\/2024\/10\/Surahi-Tepsili-1152x1536.jpg 1152w\" sizes=\"(max-width: 1500px) 100vw, 1500px\" \/>\t\t\t\t\t\t\t\t\t\t\t\t\t<\/div>\n\t\t\t\t<\/div>\n\t\t\t\t<div class=\"elementor-element elementor-element-605e51c4 elementor-align-right elementor-mobile-align-center elementor-invisible elementor-widget elementor-widget-button\" data-id=\"605e51c4\" data-element_type=\"widget\" data-settings=\"{&quot;_animation&quot;:&quot;fadeIn&quot;,&quot;_animation_delay&quot;:&quot;400&quot;}\" data-widget_type=\"button.default\">\n\t\t\t\t<div class=\"elementor-widget-container\">\n\t\t\t\t\t<div class=\"elementor-button-wrapper\">\n\t\t\t<a class=\"elementor-button elementor-button-link elementor-size-sm elementor-animation-hang\" href=\"https:\/\/trendbakir.com\/?page_id=1035\">\n\t\t\t\t\t\t<span class=\"elementor-button-content-wrapper\">\n\t\t\t\t\t\t\t\t\t<span class=\"elementor-button-text\">\u00dcr\u00fcnleri inceleyelim<\/span>\n\t\t\t\t\t<\/span>\n\t\t\t\t\t<\/a>\n\t\t<\/div>\n\t\t\t\t<\/div>\n\t\t\t\t<\/div>\n\t\t\t\t<\/div>\n\t\t\t\t<\/div>\n\t\t<div class=\"elementor-element elementor-element-4df1c31 e-flex e-con-boxed e-con e-child\" data-id=\"4df1c31\" data-element_type=\"container\">\n\t\t\t\t\t<div class=\"e-con-inner\">\n\t\t\t\t<div class=\"elementor-element elementor-element-aeb3c54 elementor-invisible elementor-widget elementor-widget-image\" data-id=\"aeb3c54\" data-element_type=\"widget\" data-settings=\"{&quot;_animation&quot;:&quot;zoomIn&quot;}\" data-widget_type=\"image.default\">\n\t\t\t\t<div class=\"elementor-widget-container\">\n\t\t\t\t\t\t\t\t\t\t\t\t\t<img decoding=\"async\" width=\"800\" height=\"389\" src=\"https:\/\/trendbakir.com\/wp-content\/uploads\/2024\/10\/Cay-Takimi-Altili-1024x498.jpg\" class=\"attachment-large size-large wp-image-1220\" alt=\"\" srcset=\"https:\/\/trendbakir.com\/wp-content\/uploads\/2024\/10\/Cay-Takimi-Altili-1024x498.jpg 1024w, https:\/\/trendbakir.com\/wp-content\/uploads\/2024\/10\/Cay-Takimi-Altili-300x146.jpg 300w, https:\/\/trendbakir.com\/wp-content\/uploads\/2024\/10\/Cay-Takimi-Altili-768x373.jpg 768w, https:\/\/trendbakir.com\/wp-content\/uploads\/2024\/10\/Cay-Takimi-Altili.jpg 1280w\" sizes=\"(max-width: 800px) 100vw, 800px\" \/>\t\t\t\t\t\t\t\t\t\t\t\t\t<\/div>\n\t\t\t\t<\/div>\n\t\t\t\t\t<\/div>\n\t\t\t\t<\/div>\n\t\t\t\t<\/div>\n\t\t<div class=\"elementor-element elementor-element-5bb6ee0c e-con-full e-flex e-con e-parent\" data-id=\"5bb6ee0c\" data-element_type=\"container\" data-settings=\"{&quot;background_background&quot;:&quot;classic&quot;}\">\n\t\t<div class=\"elementor-element elementor-element-1e23400f e-con-full e-flex e-con e-child\" data-id=\"1e23400f\" data-element_type=\"container\">\n\t\t\t\t<div class=\"elementor-element elementor-element-761885bb elementor-invisible elementor-widget elementor-widget-heading\" data-id=\"761885bb\" data-element_type=\"widget\" data-settings=\"{&quot;_animation&quot;:&quot;fadeIn&quot;}\" data-widget_type=\"heading.default\">\n\t\t\t\t<div class=\"elementor-widget-container\">\n\t\t\t<h2 class=\"elementor-heading-title elementor-size-default\">\u00dcretimden kareler<\/h2>\t\t<\/div>\n\t\t\t\t<\/div>\n\t\t\t\t<div class=\"elementor-element elementor-element-219fbfff elementor-align-center elementor-widget elementor-widget-button\" data-id=\"219fbfff\" data-element_type=\"widget\" data-widget_type=\"button.default\">\n\t\t\t\t<div class=\"elementor-widget-container\">\n\t\t\t\t\t<div class=\"elementor-button-wrapper\">\n\t\t\t<a class=\"elementor-button elementor-button-link elementor-size-sm elementor-animation-hang\" href=\"https:\/\/trendbakir.com\/?page_id=1241\">\n\t\t\t\t\t\t<span class=\"elementor-button-content-wrapper\">\n\t\t\t\t\t\t\t\t\t<span class=\"elementor-button-text\">G\u00f6z atal\u0131m \u27f6<\/span>\n\t\t\t\t\t<\/span>\n\t\t\t\t\t<\/a>\n\t\t<\/div>\n\t\t\t\t<\/div>\n\t\t\t\t<\/div>\n\t\t\t\t<div class=\"elementor-element elementor-element-762055b0 elementor-widget__width-initial elementor-widget-mobile__width-inherit elementor-widget elementor-widget-text-editor\" data-id=\"762055b0\" data-element_type=\"widget\" data-widget_type=\"text-editor.default\">\n\t\t\t\t<div class=\"elementor-widget-container\">\n\t\t\t\t\t\t\t<p>Dekoratif E\u015fyalar &#8211; Mutfak Gere\u00e7leri &#8211; S\u00fcs E\u015fyalar\u0131 gibi alanlarda talepler do\u011frultusunda de\u011fi\u015fiklik ve tasar\u0131m imkanlar\u0131<\/p>\t\t\t\t\t\t<\/div>\n\t\t\t\t<\/div>\n\t\t\t\t<\/div>\n\t\t<div class=\"elementor-element elementor-element-1d6b3811 e-con-full e-flex e-con e-child\" data-id=\"1d6b3811\" data-element_type=\"container\" data-settings=\"{&quot;background_background&quot;:&quot;classic&quot;}\">\n\t\t\t\t<\/div>\n\t\t\t\t<\/div>\n\t\t<div class=\"elementor-element elementor-element-3d1b4bb2 e-flex e-con-boxed e-con e-parent\" data-id=\"3d1b4bb2\" data-element_type=\"container\">\n\t\t\t\t\t<div class=\"e-con-inner\">\n\t\t\t\t<div class=\"elementor-element elementor-element-1f8086bf elementor-invisible elementor-widget elementor-widget-heading\" data-id=\"1f8086bf\" data-element_type=\"widget\" data-settings=\"{&quot;_animation&quot;:&quot;fadeIn&quot;}\" data-widget_type=\"heading.default\">\n\t\t\t\t<div class=\"elementor-widget-container\">\n\t\t\t<h2 class=\"elementor-heading-title elementor-size-default\">Erzincan bak\u0131r el sanatlar\u0131 d\u00fcnyas\u0131<\/h2>\t\t<\/div>\n\t\t\t\t<\/div>\n\t\t<div class=\"elementor-element elementor-element-306a0708 e-con-full e-flex e-con e-child\" data-id=\"306a0708\" data-element_type=\"container\">\n\t\t\t\t<div class=\"elementor-element elementor-element-42ded87 elementor-flip-box--effect-zoom-in elementor-invisible elementor-widget elementor-widget-flip-box\" data-id=\"42ded87\" data-element_type=\"widget\" data-settings=\"{&quot;_animation&quot;:&quot;fadeIn&quot;}\" data-widget_type=\"flip-box.default\">\n\t\t\t\t<div class=\"elementor-widget-container\">\n\t\t\t\t\t<div class=\"elementor-flip-box\" tabindex=\"0\">\n\t\t\t<div class=\"elementor-flip-box__layer elementor-flip-box__front\">\n\t\t\t\t<div class=\"elementor-flip-box__layer__overlay\">\n\t\t\t\t\t<div class=\"elementor-flip-box__layer__inner\">\n\t\t\t\t\t\t\n\t\t\t\t\t\t\n\t\t\t\t\t\t\t\t\t\t\t<\/div>\n\t\t\t\t<\/div>\n\t\t\t<\/div>\n\t\t\t<div class=\"elementor-flip-box__layer elementor-flip-box__back\">\n\t\t\t<div class=\"elementor-flip-box__layer__overlay\">\n\t\t\t\t<div class=\"elementor-flip-box__layer__inner\">\n\t\t\t\t\t\t\t\t\t\t\t<h3 class=\"elementor-flip-box__layer__title\">\n\t\t\t\t\t\t\tD\u00fcz \t\t\t\t\t\t<\/h3>\n\t\t\t\t\t\n\t\t\t\t\t\t\t\t\t\t\t<div class=\"elementor-flip-box__layer__description\">\n\t\t\t\t\t\t\ttrend bak\u0131r\t\t\t\t\t\t<\/div>\n\t\t\t\t\t\n\t\t\t\t\t\t\t\t<\/div>\n\t\t<\/div>\n\t\t<\/div>\n\t\t<\/div>\n\t\t\t\t<\/div>\n\t\t\t\t<\/div>\n\t\t\t\t<div class=\"elementor-element elementor-element-6980a73d elementor-flip-box--effect-zoom-in elementor-invisible elementor-widget elementor-widget-flip-box\" data-id=\"6980a73d\" data-element_type=\"widget\" data-settings=\"{&quot;_animation&quot;:&quot;fadeIn&quot;}\" data-widget_type=\"flip-box.default\">\n\t\t\t\t<div class=\"elementor-widget-container\">\n\t\t\t\t\t<div class=\"elementor-flip-box\" tabindex=\"0\">\n\t\t\t<div class=\"elementor-flip-box__layer elementor-flip-box__front\">\n\t\t\t\t<div class=\"elementor-flip-box__layer__overlay\">\n\t\t\t\t\t<div class=\"elementor-flip-box__layer__inner\">\n\t\t\t\t\t\t\n\t\t\t\t\t\t\n\t\t\t\t\t\t\t\t\t\t\t<\/div>\n\t\t\t\t<\/div>\n\t\t\t<\/div>\n\t\t\t<div class=\"elementor-flip-box__layer elementor-flip-box__back\">\n\t\t\t<div class=\"elementor-flip-box__layer__overlay\">\n\t\t\t\t<div class=\"elementor-flip-box__layer__inner\">\n\t\t\t\t\t\t\t\t\t\t\t<h3 class=\"elementor-flip-box__layer__title\">\n\t\t\t\t\t\t\tOrijinal renkler\t\t\t\t\t\t<\/h3>\n\t\t\t\t\t\n\t\t\t\t\t\t\t\t\t\t\t<div class=\"elementor-flip-box__layer__description\">\n\t\t\t\t\t\t\ttrend bak\u0131r\t\t\t\t\t\t<\/div>\n\t\t\t\t\t\n\t\t\t\t\t\t\t\t<\/div>\n\t\t<\/div>\n\t\t<\/div>\n\t\t<\/div>\n\t\t\t\t<\/div>\n\t\t\t\t<\/div>\n\t\t\t\t<div class=\"elementor-element elementor-element-395a8b93 elementor-flip-box--effect-zoom-in animated-slow elementor-invisible elementor-widget elementor-widget-flip-box\" data-id=\"395a8b93\" data-element_type=\"widget\" data-settings=\"{&quot;_animation&quot;:&quot;fadeInLeft&quot;}\" data-widget_type=\"flip-box.default\">\n\t\t\t\t<div class=\"elementor-widget-container\">\n\t\t\t\t\t<div class=\"elementor-flip-box\" tabindex=\"0\">\n\t\t\t<div class=\"elementor-flip-box__layer elementor-flip-box__front\">\n\t\t\t\t<div class=\"elementor-flip-box__layer__overlay\">\n\t\t\t\t\t<div class=\"elementor-flip-box__layer__inner\">\n\t\t\t\t\t\t\n\t\t\t\t\t\t\n\t\t\t\t\t\t\t\t\t\t\t<\/div>\n\t\t\t\t<\/div>\n\t\t\t<\/div>\n\t\t\t<div class=\"elementor-flip-box__layer elementor-flip-box__back\">\n\t\t\t<div class=\"elementor-flip-box__layer__overlay\">\n\t\t\t\t<div class=\"elementor-flip-box__layer__inner\">\n\t\t\t\t\t\t\t\t\t\t\t<h3 class=\"elementor-flip-box__layer__title\">\n\t\t\t\t\t\t\t\u0130\u015flemeli \u00fcr\u00fcnler\t\t\t\t\t\t<\/h3>\n\t\t\t\t\t\n\t\t\t\t\t\t\t\t\t\t\t<div class=\"elementor-flip-box__layer__description\">\n\t\t\t\t\t\t\tTrend bak\u0131r\t\t\t\t\t\t<\/div>\n\t\t\t\t\t\n\t\t\t\t\t\t\t\t<\/div>\n\t\t<\/div>\n\t\t<\/div>\n\t\t<\/div>\n\t\t\t\t<\/div>\n\t\t\t\t<\/div>\n\t\t\t\t<\/div>\n\t\t\t\t<div class=\"elementor-element elementor-element-7b69e5d0 elementor-align-center elementor-widget elementor-widget-button\" data-id=\"7b69e5d0\" data-element_type=\"widget\" data-widget_type=\"button.default\">\n\t\t\t\t<div class=\"elementor-widget-container\">\n\t\t\t\t\t<div class=\"elementor-button-wrapper\">\n\t\t\t<a class=\"elementor-button elementor-button-link elementor-size-sm elementor-animation-hang\" href=\"https:\/\/trendbakir.com\/?page_id=1035\">\n\t\t\t\t\t\t<span class=\"elementor-button-content-wrapper\">\n\t\t\t\t\t\t\t\t\t<span class=\"elementor-button-text\">\u00dcr\u00fcnler sayfas\u0131 \u27f6<\/span>\n\t\t\t\t\t<\/span>\n\t\t\t\t\t<\/a>\n\t\t<\/div>\n\t\t\t\t<\/div>\n\t\t\t\t<\/div>\n\t\t\t\t\t<\/div>\n\t\t\t\t<\/div>\n\t\t<div class=\"elementor-element elementor-element-abf7a32 e-flex e-con-boxed e-con e-parent\" data-id=\"abf7a32\" data-element_type=\"container\">\n\t\t\t\t\t<div class=\"e-con-inner\">\n\t\t\t\t\t<\/div>\n\t\t\t\t<\/div>\n\t\t\t\t<\/div>\n\t\t","protected":false},"excerpt":{"rendered":"<p>Tarihten g\u00fcn\u00fcm\u00fcze Zerafetin rengi el yap\u0131m\u0131 bak\u0131r hediyelik \u00fcr\u00fcnler \u00dcr\u00fcnleri inceleyelim \u00dcretimden kareler G\u00f6z atal\u0131m \u27f6 Dekoratif E\u015fyalar &#8211; Mutfak Gere\u00e7leri &#8211; S\u00fcs E\u015fyalar\u0131 gibi alanlarda talepler do\u011frultusunda de\u011fi\u015fiklik ve tasar\u0131m imkanlar\u0131 Erzincan bak\u0131r el sanatlar\u0131 d\u00fcnyas\u0131 D\u00fcz trend bak\u0131r Orijinal renkler trend bak\u0131r \u0130\u015flemeli \u00fcr\u00fcnler Trend bak\u0131r \u00dcr\u00fcnler sayfas\u0131 \u27f6<\/p>\n","protected":false},"author":1,"featured_media":1537,"parent":0,"menu_order":0,"comment_status":"closed","ping_status":"closed","template":"","meta":{"footnotes":""},"class_list":["post-1519","page","type-page","status-publish","has-post-thumbnail","hentry"],"yoast_head":"<!-- This site is optimized with the Yoast SEO plugin v24.2 - https:\/\/yoast.com\/wordpress\/plugins\/seo\/ -->\n<title>Home - http:\/\/trendbakir.com<\/title>\n<meta name=\"robots\" content=\"index, follow, max-snippet:-1, max-image-preview:large, max-video-preview:-1\" \/>\n<link rel=\"canonical\" href=\"https:\/\/trendbakir.com\/\" \/>\n<meta property=\"og:locale\" content=\"tr_TR\" \/>\n<meta property=\"og:type\" content=\"article\" \/>\n<meta property=\"og:title\" content=\"Home - http:\/\/trendbakir.com\" \/>\n<meta property=\"og:description\" content=\"Tarihten g\u00fcn\u00fcm\u00fcze Zerafetin rengi el yap\u0131m\u0131 bak\u0131r hediyelik \u00fcr\u00fcnler \u00dcr\u00fcnleri inceleyelim \u00dcretimden kareler G\u00f6z atal\u0131m \u27f6 Dekoratif E\u015fyalar &#8211; Mutfak Gere\u00e7leri &#8211; S\u00fcs E\u015fyalar\u0131 gibi alanlarda talepler do\u011frultusunda de\u011fi\u015fiklik ve tasar\u0131m imkanlar\u0131 Erzincan bak\u0131r el sanatlar\u0131 d\u00fcnyas\u0131 D\u00fcz trend bak\u0131r Orijinal renkler trend bak\u0131r \u0130\u015flemeli \u00fcr\u00fcnler Trend bak\u0131r \u00dcr\u00fcnler sayfas\u0131 \u27f6\" \/>\n<meta property=\"og:url\" content=\"https:\/\/trendbakir.com\/\" \/>\n<meta property=\"og:site_name\" content=\"http:\/\/trendbakir.com\" \/>\n<meta property=\"article:publisher\" content=\"https:\/\/www.instagram.com\/trend_bakir\/\" \/>\n<meta property=\"article:modified_time\" content=\"2024-11-01T17:23:58+00:00\" \/>\n<meta property=\"og:image\" content=\"https:\/\/trendbakir.com\/wp-content\/uploads\/2024\/10\/Wedding-Photographer-Home.jpg\" \/>\n\t<meta property=\"og:image:width\" content=\"400\" \/>\n\t<meta property=\"og:image:height\" content=\"380\" \/>\n\t<meta property=\"og:image:type\" content=\"image\/jpeg\" \/>\n<meta name=\"twitter:card\" content=\"summary_large_image\" \/>\n<script type=\"application\/ld+json\" class=\"yoast-schema-graph\">{\"@context\":\"https:\/\/schema.org\",\"@graph\":[{\"@type\":\"WebPage\",\"@id\":\"https:\/\/trendbakir.com\/\",\"url\":\"https:\/\/trendbakir.com\/\",\"name\":\"Home - http:\/\/trendbakir.com\",\"isPartOf\":{\"@id\":\"https:\/\/trendbakir.com\/#website\"},\"primaryImageOfPage\":{\"@id\":\"https:\/\/trendbakir.com\/#primaryimage\"},\"image\":{\"@id\":\"https:\/\/trendbakir.com\/#primaryimage\"},\"thumbnailUrl\":\"https:\/\/trendbakir.com\/wp-content\/uploads\/2024\/10\/Wedding-Photographer-Home.jpg\",\"datePublished\":\"2024-10-22T13:11:04+00:00\",\"dateModified\":\"2024-11-01T17:23:58+00:00\",\"breadcrumb\":{\"@id\":\"https:\/\/trendbakir.com\/#breadcrumb\"},\"inLanguage\":\"tr\",\"potentialAction\":[{\"@type\":\"ReadAction\",\"target\":[\"https:\/\/trendbakir.com\/\"]}]},{\"@type\":\"ImageObject\",\"inLanguage\":\"tr\",\"@id\":\"https:\/\/trendbakir.com\/#primaryimage\",\"url\":\"https:\/\/trendbakir.com\/wp-content\/uploads\/2024\/10\/Wedding-Photographer-Home.jpg\",\"contentUrl\":\"https:\/\/trendbakir.com\/wp-content\/uploads\/2024\/10\/Wedding-Photographer-Home.jpg\",\"width\":400,\"height\":380},{\"@type\":\"BreadcrumbList\",\"@id\":\"https:\/\/trendbakir.com\/#breadcrumb\",\"itemListElement\":[{\"@type\":\"ListItem\",\"position\":1,\"name\":\"Anasayfa\",\"item\":\"https:\/\/trendbakir.com\/\"},{\"@type\":\"ListItem\",\"position\":2,\"name\":\"Home\"}]},{\"@type\":\"WebSite\",\"@id\":\"https:\/\/trendbakir.com\/#website\",\"url\":\"https:\/\/trendbakir.com\/\",\"name\":\"http:\/\/www.trendbakir.com\",\"description\":\"http:\/\/trendbakir.com\",\"publisher\":{\"@id\":\"https:\/\/trendbakir.com\/#organization\"},\"potentialAction\":[{\"@type\":\"SearchAction\",\"target\":{\"@type\":\"EntryPoint\",\"urlTemplate\":\"https:\/\/trendbakir.com\/?s={search_term_string}\"},\"query-input\":{\"@type\":\"PropertyValueSpecification\",\"valueRequired\":true,\"valueName\":\"search_term_string\"}}],\"inLanguage\":\"tr\"},{\"@type\":\"Organization\",\"@id\":\"https:\/\/trendbakir.com\/#organization\",\"name\":\"TREND BAKIR TUR\u0130ZM SANAY\u0130 VE T\u0130CARET L\u0130M\u0130TED \u015e\u0130RKET\u0130\",\"url\":\"https:\/\/trendbakir.com\/\",\"logo\":{\"@type\":\"ImageObject\",\"inLanguage\":\"tr\",\"@id\":\"https:\/\/trendbakir.com\/#\/schema\/logo\/image\/\",\"url\":\"https:\/\/trendbakir.com\/wp-content\/uploads\/2024\/10\/logo.png\",\"contentUrl\":\"https:\/\/trendbakir.com\/wp-content\/uploads\/2024\/10\/logo.png\",\"width\":311,\"height\":296,\"caption\":\"TREND BAKIR TUR\u0130ZM SANAY\u0130 VE T\u0130CARET L\u0130M\u0130TED \u015e\u0130RKET\u0130\"},\"image\":{\"@id\":\"https:\/\/trendbakir.com\/#\/schema\/logo\/image\/\"},\"sameAs\":[\"https:\/\/www.instagram.com\/trend_bakir\/\"]}]}<\/script>\n<!-- \/ Yoast SEO plugin. -->","yoast_head_json":{"title":"Home - http:\/\/trendbakir.com","robots":{"index":"index","follow":"follow","max-snippet":"max-snippet:-1","max-image-preview":"max-image-preview:large","max-video-preview":"max-video-preview:-1"},"canonical":"https:\/\/trendbakir.com\/","og_locale":"tr_TR","og_type":"article","og_title":"Home - http:\/\/trendbakir.com","og_description":"Tarihten g\u00fcn\u00fcm\u00fcze Zerafetin rengi el yap\u0131m\u0131 bak\u0131r hediyelik \u00fcr\u00fcnler \u00dcr\u00fcnleri inceleyelim \u00dcretimden kareler G\u00f6z atal\u0131m \u27f6 Dekoratif E\u015fyalar &#8211; Mutfak Gere\u00e7leri &#8211; S\u00fcs E\u015fyalar\u0131 gibi alanlarda talepler do\u011frultusunda de\u011fi\u015fiklik ve tasar\u0131m imkanlar\u0131 Erzincan bak\u0131r el sanatlar\u0131 d\u00fcnyas\u0131 D\u00fcz trend bak\u0131r Orijinal renkler trend bak\u0131r \u0130\u015flemeli \u00fcr\u00fcnler Trend bak\u0131r \u00dcr\u00fcnler sayfas\u0131 \u27f6","og_url":"https:\/\/trendbakir.com\/","og_site_name":"http:\/\/trendbakir.com","article_publisher":"https:\/\/www.instagram.com\/trend_bakir\/","article_modified_time":"2024-11-01T17:23:58+00:00","og_image":[{"width":400,"height":380,"url":"https:\/\/trendbakir.com\/wp-content\/uploads\/2024\/10\/Wedding-Photographer-Home.jpg","type":"image\/jpeg"}],"twitter_card":"summary_large_image","schema":{"@context":"https:\/\/schema.org","@graph":[{"@type":"WebPage","@id":"https:\/\/trendbakir.com\/","url":"https:\/\/trendbakir.com\/","name":"Home - http:\/\/trendbakir.com","isPartOf":{"@id":"https:\/\/trendbakir.com\/#website"},"primaryImageOfPage":{"@id":"https:\/\/trendbakir.com\/#primaryimage"},"image":{"@id":"https:\/\/trendbakir.com\/#primaryimage"},"thumbnailUrl":"https:\/\/trendbakir.com\/wp-content\/uploads\/2024\/10\/Wedding-Photographer-Home.jpg","datePublished":"2024-10-22T13:11:04+00:00","dateModified":"2024-11-01T17:23:58+00:00","breadcrumb":{"@id":"https:\/\/trendbakir.com\/#breadcrumb"},"inLanguage":"tr","potentialAction":[{"@type":"ReadAction","target":["https:\/\/trendbakir.com\/"]}]},{"@type":"ImageObject","inLanguage":"tr","@id":"https:\/\/trendbakir.com\/#primaryimage","url":"https:\/\/trendbakir.com\/wp-content\/uploads\/2024\/10\/Wedding-Photographer-Home.jpg","contentUrl":"https:\/\/trendbakir.com\/wp-content\/uploads\/2024\/10\/Wedding-Photographer-Home.jpg","width":400,"height":380},{"@type":"BreadcrumbList","@id":"https:\/\/trendbakir.com\/#breadcrumb","itemListElement":[{"@type":"ListItem","position":1,"name":"Anasayfa","item":"https:\/\/trendbakir.com\/"},{"@type":"ListItem","position":2,"name":"Home"}]},{"@type":"WebSite","@id":"https:\/\/trendbakir.com\/#website","url":"https:\/\/trendbakir.com\/","name":"http:\/\/www.trendbakir.com","description":"http:\/\/trendbakir.com","publisher":{"@id":"https:\/\/trendbakir.com\/#organization"},"potentialAction":[{"@type":"SearchAction","target":{"@type":"EntryPoint","urlTemplate":"https:\/\/trendbakir.com\/?s={search_term_string}"},"query-input":{"@type":"PropertyValueSpecification","valueRequired":true,"valueName":"search_term_string"}}],"inLanguage":"tr"},{"@type":"Organization","@id":"https:\/\/trendbakir.com\/#organization","name":"TREND BAKIR TUR\u0130ZM SANAY\u0130 VE T\u0130CARET L\u0130M\u0130TED \u015e\u0130RKET\u0130","url":"https:\/\/trendbakir.com\/","logo":{"@type":"ImageObject","inLanguage":"tr","@id":"https:\/\/trendbakir.com\/#\/schema\/logo\/image\/","url":"https:\/\/trendbakir.com\/wp-content\/uploads\/2024\/10\/logo.png","contentUrl":"https:\/\/trendbakir.com\/wp-content\/uploads\/2024\/10\/logo.png","width":311,"height":296,"caption":"TREND BAKIR TUR\u0130ZM SANAY\u0130 VE T\u0130CARET L\u0130M\u0130TED \u015e\u0130RKET\u0130"},"image":{"@id":"https:\/\/trendbakir.com\/#\/schema\/logo\/image\/"},"sameAs":["https:\/\/www.instagram.com\/trend_bakir\/"]}]}},"_links":{"self":[{"href":"https:\/\/trendbakir.com\/index.php?rest_route=\/wp\/v2\/pages\/1519","targetHints":{"allow":["GET"]}}],"collection":[{"href":"https:\/\/trendbakir.com\/index.php?rest_route=\/wp\/v2\/pages"}],"about":[{"href":"https:\/\/trendbakir.com\/index.php?rest_route=\/wp\/v2\/types\/page"}],"author":[{"embeddable":true,"href":"https:\/\/trendbakir.com\/index.php?rest_route=\/wp\/v2\/users\/1"}],"replies":[{"embeddable":true,"href":"https:\/\/trendbakir.com\/index.php?rest_route=%2Fwp%2Fv2%2Fcomments&post=1519"}],"version-history":[{"count":259,"href":"https:\/\/trendbakir.com\/index.php?rest_route=\/wp\/v2\/pages\/1519\/revisions"}],"predecessor-version":[{"id":3047,"href":"https:\/\/trendbakir.com\/index.php?rest_route=\/wp\/v2\/pages\/1519\/revisions\/3047"}],"wp:featuredmedia":[{"embeddable":true,"href":"https:\/\/trendbakir.com\/index.php?rest_route=\/wp\/v2\/media\/1537"}],"wp:attachment":[{"href":"https:\/\/trendbakir.com\/index.php?rest_route=%2Fwp%2Fv2%2Fmedia&parent=1519"}],"curies":[{"name":"wp","href":"https:\/\/api.w.org\/{rel}","templated":true}]}}