{"id":1241,"date":"2024-10-22T14:13:35","date_gmt":"2024-10-22T11:13:35","guid":{"rendered":"https:\/\/trendbakir.com\/?page_id=1241"},"modified":"2024-10-31T18:12:34","modified_gmt":"2024-10-31T15:12:34","slug":"elementor-1241","status":"publish","type":"page","link":"https:\/\/trendbakir.com\/?page_id=1241","title":{"rendered":"\u00dcretim"},"content":{"rendered":"\t\t<div data-elementor-type=\"wp-page\" data-elementor-id=\"1241\" class=\"elementor elementor-1241\" data-elementor-post-type=\"page\">\n\t\t\t\t<div class=\"elementor-element elementor-element-74fb983 e-con-full e-flex e-con e-parent\" data-id=\"74fb983\" data-element_type=\"container\">\n\t\t\t\t<div class=\"elementor-element elementor-element-4789130d elementor-invisible elementor-widget elementor-widget-heading\" data-id=\"4789130d\" data-element_type=\"widget\" data-settings=\"{&quot;_animation&quot;:&quot;slideInUp&quot;}\" data-widget_type=\"heading.default\">\n\t\t\t\t<div class=\"elementor-widget-container\">\n\t\t\t<h1 class=\"elementor-heading-title elementor-size-default\">at\u00f6lye \u00e7al\u0131\u015fmalar\u0131<\/h1>\t\t<\/div>\n\t\t\t\t<\/div>\n\t\t\t\t<\/div>\n\t\t<div class=\"elementor-element elementor-element-0a62ce8 e-grid e-con-boxed e-con e-parent\" data-id=\"0a62ce8\" data-element_type=\"container\">\n\t\t\t\t\t<div class=\"e-con-inner\">\n\t\t\t\t<div class=\"elementor-element elementor-element-daecf2a elementor-widget elementor-widget-heading\" data-id=\"daecf2a\" data-element_type=\"widget\" data-widget_type=\"heading.default\">\n\t\t\t\t<div class=\"elementor-widget-container\">\n\t\t\t<h2 class=\"elementor-heading-title elementor-size-default\">\u015eekillendirme<\/h2>\t\t<\/div>\n\t\t\t\t<\/div>\n\t\t<div class=\"elementor-element elementor-element-d215052 e-grid e-con-full e-con e-child\" data-id=\"d215052\" data-element_type=\"container\">\n\t\t\t\t<div class=\"elementor-element elementor-element-73e6384 elementor-widget elementor-widget-video\" data-id=\"73e6384\" data-element_type=\"widget\" data-settings=\"{&quot;video_type&quot;:&quot;hosted&quot;,&quot;mute&quot;:&quot;yes&quot;,&quot;controls&quot;:&quot;yes&quot;}\" data-widget_type=\"video.default\">\n\t\t\t\t<div class=\"elementor-widget-container\">\n\t\t\t\t\t<div class=\"e-hosted-video elementor-wrapper elementor-open-inline\">\n\t\t\t\t\t<video class=\"elementor-video\" src=\"http:\/\/trendbakir.com\/wp-content\/uploads\/2024\/10\/Sivama.mp4\" controls=\"\" preload=\"metadata\" muted=\"muted\"><\/video>\n\t\t\t\t<\/div>\n\t\t\t\t<\/div>\n\t\t\t\t<\/div>\n\t\t\t\t<\/div>\n\t\t\t\t<div class=\"elementor-element elementor-element-471bd0c elementor-widget elementor-widget-heading\" data-id=\"471bd0c\" data-element_type=\"widget\" data-widget_type=\"heading.default\">\n\t\t\t\t<div class=\"elementor-widget-container\">\n\t\t\t<h2 class=\"elementor-heading-title elementor-size-default\">parlatma<\/h2>\t\t<\/div>\n\t\t\t\t<\/div>\n\t\t\t\t<div class=\"elementor-element elementor-element-4146c38 elementor-widget elementor-widget-video\" data-id=\"4146c38\" data-element_type=\"widget\" data-settings=\"{&quot;video_type&quot;:&quot;hosted&quot;,&quot;mute&quot;:&quot;yes&quot;,&quot;controls&quot;:&quot;yes&quot;}\" data-widget_type=\"video.default\">\n\t\t\t\t<div class=\"elementor-widget-container\">\n\t\t\t\t\t<div class=\"e-hosted-video elementor-wrapper elementor-open-inline\">\n\t\t\t\t\t<video class=\"elementor-video\" src=\"http:\/\/trendbakir.com\/wp-content\/uploads\/2024\/10\/cila.mp4\" controls=\"\" preload=\"metadata\" muted=\"muted\" controlsList=\"nodownload\"><\/video>\n\t\t\t\t<\/div>\n\t\t\t\t<\/div>\n\t\t\t\t<\/div>\n\t\t\t\t<div class=\"elementor-element elementor-element-61a0cd5 elementor-widget elementor-widget-heading\" data-id=\"61a0cd5\" data-element_type=\"widget\" data-widget_type=\"heading.default\">\n\t\t\t\t<div class=\"elementor-widget-container\">\n\t\t\t<h2 class=\"elementor-heading-title elementor-size-default\">i\u015fleme<\/h2>\t\t<\/div>\n\t\t\t\t<\/div>\n\t\t\t\t<div class=\"elementor-element elementor-element-2582433 elementor-widget elementor-widget-video\" data-id=\"2582433\" data-element_type=\"widget\" data-settings=\"{&quot;video_type&quot;:&quot;hosted&quot;,&quot;mute&quot;:&quot;yes&quot;,&quot;controls&quot;:&quot;yes&quot;}\" data-widget_type=\"video.default\">\n\t\t\t\t<div class=\"elementor-widget-container\">\n\t\t\t\t\t<div class=\"e-hosted-video elementor-wrapper elementor-open-inline\">\n\t\t\t\t\t<video class=\"elementor-video\" src=\"http:\/\/trendbakir.com\/wp-content\/uploads\/2024\/10\/Isleme.mp4\" controls=\"\" preload=\"metadata\" muted=\"muted\" controlsList=\"nodownload\"><\/video>\n\t\t\t\t<\/div>\n\t\t\t\t<\/div>\n\t\t\t\t<\/div>\n\t\t\t\t<div class=\"elementor-element elementor-element-68470da elementor-widget elementor-widget-heading\" data-id=\"68470da\" data-element_type=\"widget\" data-widget_type=\"heading.default\">\n\t\t\t\t<div class=\"elementor-widget-container\">\n\t\t\t<h2 class=\"elementor-heading-title elementor-size-default\">kart i\u015fleme<\/h2>\t\t<\/div>\n\t\t\t\t<\/div>\n\t\t<div class=\"elementor-element elementor-element-eda85f1 e-con-full e-flex e-con e-child\" data-id=\"eda85f1\" data-element_type=\"container\">\n\t\t\t\t<div class=\"elementor-element elementor-element-54f9898 elementor-widget elementor-widget-video\" data-id=\"54f9898\" data-element_type=\"widget\" data-settings=\"{&quot;video_type&quot;:&quot;hosted&quot;,&quot;mute&quot;:&quot;yes&quot;,&quot;controls&quot;:&quot;yes&quot;}\" data-widget_type=\"video.default\">\n\t\t\t\t<div class=\"elementor-widget-container\">\n\t\t\t\t\t<div class=\"e-hosted-video elementor-wrapper elementor-open-inline\">\n\t\t\t\t\t<video class=\"elementor-video\" src=\"http:\/\/trendbakir.com\/wp-content\/uploads\/2024\/10\/Kart-isleme.mp4\" controls=\"\" preload=\"metadata\" muted=\"muted\" controlsList=\"nodownload\"><\/video>\n\t\t\t\t<\/div>\n\t\t\t\t<\/div>\n\t\t\t\t<\/div>\n\t\t\t\t<\/div>\n\t\t\t\t\t<\/div>\n\t\t\t\t<\/div>\n\t\t<div class=\"elementor-element elementor-element-0a26420 e-flex e-con-boxed e-con e-parent\" data-id=\"0a26420\" data-element_type=\"container\">\n\t\t\t\t\t<div class=\"e-con-inner\">\n\t\t<div class=\"elementor-element elementor-element-d5754a8 e-grid e-con-full e-con e-child\" data-id=\"d5754a8\" data-element_type=\"container\">\n\t\t\t\t<div class=\"elementor-element elementor-element-1f00590 elementor-widget elementor-widget-heading\" data-id=\"1f00590\" data-element_type=\"widget\" data-widget_type=\"heading.default\">\n\t\t\t\t<div class=\"elementor-widget-container\">\n\t\t\t<h2 class=\"elementor-heading-title elementor-size-default\">Kalay s\u00fcre\u00e7leri<\/h2>\t\t<\/div>\n\t\t\t\t<\/div>\n\t\t\t\t<div class=\"elementor-element elementor-element-0a388c8 elementor-widget elementor-widget-video\" data-id=\"0a388c8\" data-element_type=\"widget\" data-settings=\"{&quot;video_type&quot;:&quot;hosted&quot;,&quot;controls&quot;:&quot;yes&quot;}\" data-widget_type=\"video.default\">\n\t\t\t\t<div class=\"elementor-widget-container\">\n\t\t\t\t\t<div class=\"e-hosted-video elementor-wrapper elementor-open-inline\">\n\t\t\t\t\t<video class=\"elementor-video\" src=\"http:\/\/trendbakir.com\/wp-content\/uploads\/2024\/10\/Kalay.mp4\" controls=\"\" preload=\"metadata\" controlsList=\"nodownload\"><\/video>\n\t\t\t\t<\/div>\n\t\t\t\t<\/div>\n\t\t\t\t<\/div>\n\t\t<div class=\"elementor-element elementor-element-515f768 e-con-full e-flex e-con e-child\" data-id=\"515f768\" data-element_type=\"container\">\n\t\t\t\t<div class=\"elementor-element elementor-element-ed56d9e elementor-widget elementor-widget-heading\" data-id=\"ed56d9e\" data-element_type=\"widget\" data-widget_type=\"heading.default\">\n\t\t\t\t<div class=\"elementor-widget-container\">\n\t\t\t<h2 class=\"elementor-heading-title elementor-size-default\">paketleme<\/h2>\t\t<\/div>\n\t\t\t\t<\/div>\n\t\t\t\t<\/div>\n\t\t\t\t<div class=\"elementor-element elementor-element-dc8b741 elementor-widget elementor-widget-image\" data-id=\"dc8b741\" data-element_type=\"widget\" data-widget_type=\"image.default\">\n\t\t\t\t<div class=\"elementor-widget-container\">\n\t\t\t\t\t\t\t\t\t\t\t\t\t<img decoding=\"async\" src=\"https:\/\/trendbakir.com\/wp-content\/uploads\/2024\/10\/Paketleme.jpg\" title=\"Paketleme\" alt=\"\" loading=\"lazy\" \/>\t\t\t\t\t\t\t\t\t\t\t\t\t<\/div>\n\t\t\t\t<\/div>\n\t\t\t\t<\/div>\n\t\t\t\t\t<\/div>\n\t\t\t\t<\/div>\n\t\t<div class=\"elementor-element elementor-element-39f2316 e-flex e-con-boxed e-con e-parent\" data-id=\"39f2316\" data-element_type=\"container\">\n\t\t\t\t\t<div class=\"e-con-inner\">\n\t\t\t\t<div class=\"elementor-element elementor-element-769bc6a elementor-widget elementor-widget-spacer\" data-id=\"769bc6a\" data-element_type=\"widget\" data-widget_type=\"spacer.default\">\n\t\t\t\t<div class=\"elementor-widget-container\">\n\t\t\t\t\t<div class=\"elementor-spacer\">\n\t\t\t<div class=\"elementor-spacer-inner\"><\/div>\n\t\t<\/div>\n\t\t\t\t<\/div>\n\t\t\t\t<\/div>\n\t\t\t\t\t<\/div>\n\t\t\t\t<\/div>\n\t\t<div class=\"elementor-element elementor-element-d3a6215 e-grid e-con-boxed e-con e-parent\" data-id=\"d3a6215\" data-element_type=\"container\">\n\t\t\t\t\t<div class=\"e-con-inner\">\n\t\t\t\t<div class=\"elementor-element elementor-element-56ad1af elementor-align-center elementor-widget elementor-widget-button\" data-id=\"56ad1af\" data-element_type=\"widget\" data-widget_type=\"button.default\">\n\t\t\t\t<div class=\"elementor-widget-container\">\n\t\t\t\t\t<div class=\"elementor-button-wrapper\">\n\t\t\t<a class=\"elementor-button elementor-button-link elementor-size-sm\" href=\"https:\/\/trendbakir.com\/\">\n\t\t\t\t\t\t<span class=\"elementor-button-content-wrapper\">\n\t\t\t\t\t\t\t\t\t<span class=\"elementor-button-text\">Ana Sayfa<\/span>\n\t\t\t\t\t<\/span>\n\t\t\t\t\t<\/a>\n\t\t<\/div>\n\t\t\t\t<\/div>\n\t\t\t\t<\/div>\n\t\t\t\t<div class=\"elementor-element elementor-element-85fea30 elementor-align-center elementor-widget elementor-widget-button\" data-id=\"85fea30\" data-element_type=\"widget\" data-widget_type=\"button.default\">\n\t\t\t\t<div class=\"elementor-widget-container\">\n\t\t\t\t\t<div class=\"elementor-button-wrapper\">\n\t\t\t<a class=\"elementor-button elementor-button-link elementor-size-sm\" href=\"https:\/\/trendbakir.com\/?page_id=1035\">\n\t\t\t\t\t\t<span class=\"elementor-button-content-wrapper\">\n\t\t\t\t\t\t\t\t\t<span class=\"elementor-button-text\">\u00dcr\u00fcnler<\/span>\n\t\t\t\t\t<\/span>\n\t\t\t\t\t<\/a>\n\t\t<\/div>\n\t\t\t\t<\/div>\n\t\t\t\t<\/div>\n\t\t\t\t\t<\/div>\n\t\t\t\t<\/div>\n\t\t\t\t<\/div>\n\t\t","protected":false},"excerpt":{"rendered":"<p>at\u00f6lye \u00e7al\u0131\u015fmalar\u0131 \u015eekillendirme http:\/\/trendbakir.com\/wp-content\/uploads\/2024\/10\/Sivama.mp4 parlatma http:\/\/trendbakir.com\/wp-content\/uploads\/2024\/10\/cila.mp4 i\u015fleme http:\/\/trendbakir.com\/wp-content\/uploads\/2024\/10\/Isleme.mp4 kart i\u015fleme http:\/\/trendbakir.com\/wp-content\/uploads\/2024\/10\/Kart-isleme.mp4 Kalay s\u00fcre\u00e7leri http:\/\/trendbakir.com\/wp-content\/uploads\/2024\/10\/Kalay.mp4 paketleme Ana Sayfa \u00dcr\u00fcnler<\/p>\n","protected":false},"author":1,"featured_media":0,"parent":0,"menu_order":0,"comment_status":"closed","ping_status":"closed","template":"","meta":{"footnotes":""},"class_list":["post-1241","page","type-page","status-publish","hentry"],"yoast_head":"<!-- This site is optimized with the Yoast SEO plugin v24.2 - https:\/\/yoast.com\/wordpress\/plugins\/seo\/ -->\n<title>\u00dcretim - http:\/\/trendbakir.com<\/title>\n<meta name=\"robots\" content=\"index, follow, max-snippet:-1, max-image-preview:large, max-video-preview:-1\" \/>\n<link rel=\"canonical\" href=\"https:\/\/trendbakir.com\/?page_id=1241\" \/>\n<meta property=\"og:locale\" content=\"tr_TR\" \/>\n<meta property=\"og:type\" content=\"article\" \/>\n<meta property=\"og:title\" content=\"\u00dcretim - http:\/\/trendbakir.com\" \/>\n<meta property=\"og:description\" content=\"at\u00f6lye \u00e7al\u0131\u015fmalar\u0131 \u015eekillendirme http:\/\/trendbakir.com\/wp-content\/uploads\/2024\/10\/Sivama.mp4 parlatma http:\/\/trendbakir.com\/wp-content\/uploads\/2024\/10\/cila.mp4 i\u015fleme http:\/\/trendbakir.com\/wp-content\/uploads\/2024\/10\/Isleme.mp4 kart i\u015fleme http:\/\/trendbakir.com\/wp-content\/uploads\/2024\/10\/Kart-isleme.mp4 Kalay s\u00fcre\u00e7leri http:\/\/trendbakir.com\/wp-content\/uploads\/2024\/10\/Kalay.mp4 paketleme Ana Sayfa \u00dcr\u00fcnler\" \/>\n<meta property=\"og:url\" content=\"https:\/\/trendbakir.com\/?page_id=1241\" \/>\n<meta property=\"og:site_name\" content=\"http:\/\/trendbakir.com\" \/>\n<meta property=\"article:publisher\" content=\"https:\/\/www.instagram.com\/trend_bakir\/\" \/>\n<meta property=\"article:modified_time\" content=\"2024-10-31T15:12:34+00:00\" \/>\n<meta property=\"og:image\" content=\"http:\/\/trendbakir.com\/wp-content\/uploads\/elementor\/thumbs\/Paketleme-qwddzoihhzitt6lehax6qvrdljqyj0c53xegk5iftg.jpg\" \/>\n<meta name=\"twitter:card\" content=\"summary_large_image\" \/>\n<script type=\"application\/ld+json\" class=\"yoast-schema-graph\">{\"@context\":\"https:\/\/schema.org\",\"@graph\":[{\"@type\":\"WebPage\",\"@id\":\"https:\/\/trendbakir.com\/?page_id=1241\",\"url\":\"https:\/\/trendbakir.com\/?page_id=1241\",\"name\":\"\u00dcretim - http:\/\/trendbakir.com\",\"isPartOf\":{\"@id\":\"https:\/\/trendbakir.com\/#website\"},\"primaryImageOfPage\":{\"@id\":\"https:\/\/trendbakir.com\/?page_id=1241#primaryimage\"},\"image\":{\"@id\":\"https:\/\/trendbakir.com\/?page_id=1241#primaryimage\"},\"thumbnailUrl\":\"http:\/\/trendbakir.com\/wp-content\/uploads\/elementor\/thumbs\/Paketleme-qwddzoihhzitt6lehax6qvrdljqyj0c53xegk5iftg.jpg\",\"datePublished\":\"2024-10-22T11:13:35+00:00\",\"dateModified\":\"2024-10-31T15:12:34+00:00\",\"breadcrumb\":{\"@id\":\"https:\/\/trendbakir.com\/?page_id=1241#breadcrumb\"},\"inLanguage\":\"tr\",\"potentialAction\":[{\"@type\":\"ReadAction\",\"target\":[\"https:\/\/trendbakir.com\/?page_id=1241\"]}]},{\"@type\":\"ImageObject\",\"inLanguage\":\"tr\",\"@id\":\"https:\/\/trendbakir.com\/?page_id=1241#primaryimage\",\"url\":\"http:\/\/trendbakir.com\/wp-content\/uploads\/elementor\/thumbs\/Paketleme-qwddzoihhzitt6lehax6qvrdljqyj0c53xegk5iftg.jpg\",\"contentUrl\":\"http:\/\/trendbakir.com\/wp-content\/uploads\/elementor\/thumbs\/Paketleme-qwddzoihhzitt6lehax6qvrdljqyj0c53xegk5iftg.jpg\"},{\"@type\":\"BreadcrumbList\",\"@id\":\"https:\/\/trendbakir.com\/?page_id=1241#breadcrumb\",\"itemListElement\":[{\"@type\":\"ListItem\",\"position\":1,\"name\":\"Anasayfa\",\"item\":\"https:\/\/trendbakir.com\/\"},{\"@type\":\"ListItem\",\"position\":2,\"name\":\"\u00dcretim\"}]},{\"@type\":\"WebSite\",\"@id\":\"https:\/\/trendbakir.com\/#website\",\"url\":\"https:\/\/trendbakir.com\/\",\"name\":\"http:\/\/www.trendbakir.com\",\"description\":\"http:\/\/trendbakir.com\",\"publisher\":{\"@id\":\"https:\/\/trendbakir.com\/#organization\"},\"potentialAction\":[{\"@type\":\"SearchAction\",\"target\":{\"@type\":\"EntryPoint\",\"urlTemplate\":\"https:\/\/trendbakir.com\/?s={search_term_string}\"},\"query-input\":{\"@type\":\"PropertyValueSpecification\",\"valueRequired\":true,\"valueName\":\"search_term_string\"}}],\"inLanguage\":\"tr\"},{\"@type\":\"Organization\",\"@id\":\"https:\/\/trendbakir.com\/#organization\",\"name\":\"TREND BAKIR TUR\u0130ZM SANAY\u0130 VE T\u0130CARET L\u0130M\u0130TED \u015e\u0130RKET\u0130\",\"url\":\"https:\/\/trendbakir.com\/\",\"logo\":{\"@type\":\"ImageObject\",\"inLanguage\":\"tr\",\"@id\":\"https:\/\/trendbakir.com\/#\/schema\/logo\/image\/\",\"url\":\"https:\/\/trendbakir.com\/wp-content\/uploads\/2024\/10\/logo.png\",\"contentUrl\":\"https:\/\/trendbakir.com\/wp-content\/uploads\/2024\/10\/logo.png\",\"width\":311,\"height\":296,\"caption\":\"TREND BAKIR TUR\u0130ZM SANAY\u0130 VE T\u0130CARET L\u0130M\u0130TED \u015e\u0130RKET\u0130\"},\"image\":{\"@id\":\"https:\/\/trendbakir.com\/#\/schema\/logo\/image\/\"},\"sameAs\":[\"https:\/\/www.instagram.com\/trend_bakir\/\"]}]}<\/script>\n<!-- \/ Yoast SEO plugin. -->","yoast_head_json":{"title":"\u00dcretim - http:\/\/trendbakir.com","robots":{"index":"index","follow":"follow","max-snippet":"max-snippet:-1","max-image-preview":"max-image-preview:large","max-video-preview":"max-video-preview:-1"},"canonical":"https:\/\/trendbakir.com\/?page_id=1241","og_locale":"tr_TR","og_type":"article","og_title":"\u00dcretim - http:\/\/trendbakir.com","og_description":"at\u00f6lye \u00e7al\u0131\u015fmalar\u0131 \u015eekillendirme http:\/\/trendbakir.com\/wp-content\/uploads\/2024\/10\/Sivama.mp4 parlatma http:\/\/trendbakir.com\/wp-content\/uploads\/2024\/10\/cila.mp4 i\u015fleme http:\/\/trendbakir.com\/wp-content\/uploads\/2024\/10\/Isleme.mp4 kart i\u015fleme http:\/\/trendbakir.com\/wp-content\/uploads\/2024\/10\/Kart-isleme.mp4 Kalay s\u00fcre\u00e7leri http:\/\/trendbakir.com\/wp-content\/uploads\/2024\/10\/Kalay.mp4 paketleme Ana Sayfa \u00dcr\u00fcnler","og_url":"https:\/\/trendbakir.com\/?page_id=1241","og_site_name":"http:\/\/trendbakir.com","article_publisher":"https:\/\/www.instagram.com\/trend_bakir\/","article_modified_time":"2024-10-31T15:12:34+00:00","og_image":[{"url":"http:\/\/trendbakir.com\/wp-content\/uploads\/elementor\/thumbs\/Paketleme-qwddzoihhzitt6lehax6qvrdljqyj0c53xegk5iftg.jpg","type":"","width":"","height":""}],"twitter_card":"summary_large_image","schema":{"@context":"https:\/\/schema.org","@graph":[{"@type":"WebPage","@id":"https:\/\/trendbakir.com\/?page_id=1241","url":"https:\/\/trendbakir.com\/?page_id=1241","name":"\u00dcretim - http:\/\/trendbakir.com","isPartOf":{"@id":"https:\/\/trendbakir.com\/#website"},"primaryImageOfPage":{"@id":"https:\/\/trendbakir.com\/?page_id=1241#primaryimage"},"image":{"@id":"https:\/\/trendbakir.com\/?page_id=1241#primaryimage"},"thumbnailUrl":"http:\/\/trendbakir.com\/wp-content\/uploads\/elementor\/thumbs\/Paketleme-qwddzoihhzitt6lehax6qvrdljqyj0c53xegk5iftg.jpg","datePublished":"2024-10-22T11:13:35+00:00","dateModified":"2024-10-31T15:12:34+00:00","breadcrumb":{"@id":"https:\/\/trendbakir.com\/?page_id=1241#breadcrumb"},"inLanguage":"tr","potentialAction":[{"@type":"ReadAction","target":["https:\/\/trendbakir.com\/?page_id=1241"]}]},{"@type":"ImageObject","inLanguage":"tr","@id":"https:\/\/trendbakir.com\/?page_id=1241#primaryimage","url":"http:\/\/trendbakir.com\/wp-content\/uploads\/elementor\/thumbs\/Paketleme-qwddzoihhzitt6lehax6qvrdljqyj0c53xegk5iftg.jpg","contentUrl":"http:\/\/trendbakir.com\/wp-content\/uploads\/elementor\/thumbs\/Paketleme-qwddzoihhzitt6lehax6qvrdljqyj0c53xegk5iftg.jpg"},{"@type":"BreadcrumbList","@id":"https:\/\/trendbakir.com\/?page_id=1241#breadcrumb","itemListElement":[{"@type":"ListItem","position":1,"name":"Anasayfa","item":"https:\/\/trendbakir.com\/"},{"@type":"ListItem","position":2,"name":"\u00dcretim"}]},{"@type":"WebSite","@id":"https:\/\/trendbakir.com\/#website","url":"https:\/\/trendbakir.com\/","name":"http:\/\/www.trendbakir.com","description":"http:\/\/trendbakir.com","publisher":{"@id":"https:\/\/trendbakir.com\/#organization"},"potentialAction":[{"@type":"SearchAction","target":{"@type":"EntryPoint","urlTemplate":"https:\/\/trendbakir.com\/?s={search_term_string}"},"query-input":{"@type":"PropertyValueSpecification","valueRequired":true,"valueName":"search_term_string"}}],"inLanguage":"tr"},{"@type":"Organization","@id":"https:\/\/trendbakir.com\/#organization","name":"TREND BAKIR TUR\u0130ZM SANAY\u0130 VE T\u0130CARET L\u0130M\u0130TED \u015e\u0130RKET\u0130","url":"https:\/\/trendbakir.com\/","logo":{"@type":"ImageObject","inLanguage":"tr","@id":"https:\/\/trendbakir.com\/#\/schema\/logo\/image\/","url":"https:\/\/trendbakir.com\/wp-content\/uploads\/2024\/10\/logo.png","contentUrl":"https:\/\/trendbakir.com\/wp-content\/uploads\/2024\/10\/logo.png","width":311,"height":296,"caption":"TREND BAKIR TUR\u0130ZM SANAY\u0130 VE T\u0130CARET L\u0130M\u0130TED \u015e\u0130RKET\u0130"},"image":{"@id":"https:\/\/trendbakir.com\/#\/schema\/logo\/image\/"},"sameAs":["https:\/\/www.instagram.com\/trend_bakir\/"]}]}},"_links":{"self":[{"href":"https:\/\/trendbakir.com\/index.php?rest_route=\/wp\/v2\/pages\/1241","targetHints":{"allow":["GET"]}}],"collection":[{"href":"https:\/\/trendbakir.com\/index.php?rest_route=\/wp\/v2\/pages"}],"about":[{"href":"https:\/\/trendbakir.com\/index.php?rest_route=\/wp\/v2\/types\/page"}],"author":[{"embeddable":true,"href":"https:\/\/trendbakir.com\/index.php?rest_route=\/wp\/v2\/users\/1"}],"replies":[{"embeddable":true,"href":"https:\/\/trendbakir.com\/index.php?rest_route=%2Fwp%2Fv2%2Fcomments&post=1241"}],"version-history":[{"count":122,"href":"https:\/\/trendbakir.com\/index.php?rest_route=\/wp\/v2\/pages\/1241\/revisions"}],"predecessor-version":[{"id":2839,"href":"https:\/\/trendbakir.com\/index.php?rest_route=\/wp\/v2\/pages\/1241\/revisions\/2839"}],"wp:attachment":[{"href":"https:\/\/trendbakir.com\/index.php?rest_route=%2Fwp%2Fv2%2Fmedia&parent=1241"}],"curies":[{"name":"wp","href":"https:\/\/api.w.org\/{rel}","templated":true}]}}