{"id":1035,"date":"2024-10-20T20:26:58","date_gmt":"2024-10-20T17:26:58","guid":{"rendered":"https:\/\/trendbakir.com\/?page_id=1035"},"modified":"2024-11-01T20:49:33","modified_gmt":"2024-11-01T17:49:33","slug":"urunler","status":"publish","type":"page","link":"https:\/\/trendbakir.com\/?page_id=1035","title":{"rendered":"\u00dcr\u00fcnler"},"content":{"rendered":"\t\t<div data-elementor-type=\"wp-page\" data-elementor-id=\"1035\" class=\"elementor elementor-1035\" data-elementor-post-type=\"page\">\n\t\t\t\t<div class=\"elementor-element elementor-element-514a7ec7 e-con-full e-flex e-con e-parent\" data-id=\"514a7ec7\" data-element_type=\"container\">\n\t\t\t\t<div class=\"elementor-element elementor-element-2612eda1 e-transform e-transform e-transform elementor-widget__width-initial elementor-invisible elementor-widget elementor-widget-heading\" data-id=\"2612eda1\" data-element_type=\"widget\" data-settings=\"{&quot;_animation&quot;:&quot;fadeInDown&quot;,&quot;motion_fx_motion_fx_scrolling&quot;:&quot;yes&quot;,&quot;motion_fx_opacity_effect&quot;:&quot;yes&quot;,&quot;sticky&quot;:&quot;top&quot;,&quot;motion_fx_opacity_direction&quot;:&quot;out-in&quot;,&quot;motion_fx_opacity_level&quot;:{&quot;unit&quot;:&quot;px&quot;,&quot;size&quot;:10,&quot;sizes&quot;:[]},&quot;motion_fx_opacity_range&quot;:{&quot;unit&quot;:&quot;%&quot;,&quot;size&quot;:&quot;&quot;,&quot;sizes&quot;:{&quot;start&quot;:20,&quot;end&quot;:80}},&quot;motion_fx_devices&quot;:[&quot;desktop&quot;,&quot;tablet&quot;,&quot;mobile&quot;],&quot;sticky_on&quot;:[&quot;desktop&quot;,&quot;tablet&quot;,&quot;mobile&quot;],&quot;sticky_offset&quot;:0,&quot;sticky_effects_offset&quot;:0,&quot;_transform_rotateZ_effect&quot;:{&quot;unit&quot;:&quot;px&quot;,&quot;size&quot;:&quot;&quot;,&quot;sizes&quot;:[]},&quot;_transform_rotateZ_effect_tablet&quot;:{&quot;unit&quot;:&quot;deg&quot;,&quot;size&quot;:&quot;&quot;,&quot;sizes&quot;:[]},&quot;_transform_rotateZ_effect_mobile&quot;:{&quot;unit&quot;:&quot;deg&quot;,&quot;size&quot;:&quot;&quot;,&quot;sizes&quot;:[]},&quot;_transform_translateX_effect&quot;:{&quot;unit&quot;:&quot;px&quot;,&quot;size&quot;:&quot;&quot;,&quot;sizes&quot;:[]},&quot;_transform_translateX_effect_tablet&quot;:{&quot;unit&quot;:&quot;px&quot;,&quot;size&quot;:&quot;&quot;,&quot;sizes&quot;:[]},&quot;_transform_translateX_effect_mobile&quot;:{&quot;unit&quot;:&quot;px&quot;,&quot;size&quot;:&quot;&quot;,&quot;sizes&quot;:[]},&quot;_transform_translateY_effect&quot;:{&quot;unit&quot;:&quot;px&quot;,&quot;size&quot;:&quot;&quot;,&quot;sizes&quot;:[]},&quot;_transform_translateY_effect_tablet&quot;:{&quot;unit&quot;:&quot;px&quot;,&quot;size&quot;:&quot;&quot;,&quot;sizes&quot;:[]},&quot;_transform_translateY_effect_mobile&quot;:{&quot;unit&quot;:&quot;px&quot;,&quot;size&quot;:&quot;&quot;,&quot;sizes&quot;:[]},&quot;_transform_skewX_effect&quot;:{&quot;unit&quot;:&quot;px&quot;,&quot;size&quot;:&quot;&quot;,&quot;sizes&quot;:[]},&quot;_transform_skewX_effect_tablet&quot;:{&quot;unit&quot;:&quot;deg&quot;,&quot;size&quot;:&quot;&quot;,&quot;sizes&quot;:[]},&quot;_transform_skewX_effect_mobile&quot;:{&quot;unit&quot;:&quot;deg&quot;,&quot;size&quot;:&quot;&quot;,&quot;sizes&quot;:[]},&quot;_transform_skewY_effect&quot;:{&quot;unit&quot;:&quot;px&quot;,&quot;size&quot;:&quot;&quot;,&quot;sizes&quot;:[]},&quot;_transform_skewY_effect_tablet&quot;:{&quot;unit&quot;:&quot;deg&quot;,&quot;size&quot;:&quot;&quot;,&quot;sizes&quot;:[]},&quot;_transform_skewY_effect_mobile&quot;:{&quot;unit&quot;:&quot;deg&quot;,&quot;size&quot;:&quot;&quot;,&quot;sizes&quot;:[]}}\" data-widget_type=\"heading.default\">\n\t\t\t\t<div class=\"elementor-widget-container\">\n\t\t\t<h1 class=\"elementor-heading-title elementor-size-default\">\u00dcR\u00dcN KATEGOR\u0130LER\u0130N\u0130\nMEN\u00dcDEN SE\u00c7EB\u0130L\u0130RS\u0130N\u0130Z<\/h1>\t\t<\/div>\n\t\t\t\t<\/div>\n\t\t\t\t<\/div>\n\t\t<div class=\"elementor-element elementor-element-2d2be09 e-grid e-con-boxed e-con e-parent\" data-id=\"2d2be09\" data-element_type=\"container\">\n\t\t\t\t\t<div class=\"e-con-inner\">\n\t\t\t\t<div class=\"elementor-element elementor-element-b18345e elementor-nav-menu__align-start elementor-nav-menu--dropdown-none elementor-widget elementor-widget-nav-menu\" data-id=\"b18345e\" data-element_type=\"widget\" data-settings=\"{&quot;layout&quot;:&quot;vertical&quot;,&quot;submenu_icon&quot;:{&quot;value&quot;:&quot;&lt;svg class=\\&quot;e-font-icon-svg e-fas-caret-down\\&quot; viewBox=\\&quot;0 0 320 512\\&quot; xmlns=\\&quot;http:\\\/\\\/www.w3.org\\\/2000\\\/svg\\&quot;&gt;&lt;path d=\\&quot;M31.3 192h257.3c17.8 0 26.7 21.5 14.1 34.1L174.1 354.8c-7.8 7.8-20.5 7.8-28.3 0L17.2 226.1C4.6 213.5 13.5 192 31.3 192z\\&quot;&gt;&lt;\\\/path&gt;&lt;\\\/svg&gt;&quot;,&quot;library&quot;:&quot;fa-solid&quot;}}\" data-widget_type=\"nav-menu.default\">\n\t\t\t\t<div class=\"elementor-widget-container\">\n\t\t\t\t\t\t<nav aria-label=\"Men\u00fc\" class=\"elementor-nav-menu--main elementor-nav-menu__container elementor-nav-menu--layout-vertical e--pointer-double-line e--animation-none\">\n\t\t\t\t<ul id=\"menu-1-b18345e\" class=\"elementor-nav-menu sm-vertical\"><li class=\"menu-item menu-item-type-post_type menu-item-object-page menu-item-2579\"><a href=\"https:\/\/trendbakir.com\/?page_id=1538\" class=\"elementor-item\">Baharatl\u0131k<\/a><\/li>\n<li class=\"menu-item menu-item-type-post_type menu-item-object-page menu-item-2580\"><a href=\"https:\/\/trendbakir.com\/?page_id=1878\" class=\"elementor-item\">Buhurdanl\u0131k<\/a><\/li>\n<li class=\"menu-item menu-item-type-post_type menu-item-object-page menu-item-2581\"><a href=\"https:\/\/trendbakir.com\/?page_id=1893\" class=\"elementor-item\">\u00c7ay tak\u0131m\u0131<\/a><\/li>\n<li class=\"menu-item menu-item-type-post_type menu-item-object-page menu-item-2582\"><a href=\"https:\/\/trendbakir.com\/?page_id=1894\" class=\"elementor-item\">Cezveler<\/a><\/li>\n<li class=\"menu-item menu-item-type-post_type menu-item-object-page menu-item-2583\"><a href=\"https:\/\/trendbakir.com\/?page_id=1892\" class=\"elementor-item\">Demlik<\/a><\/li>\n<li class=\"menu-item menu-item-type-post_type menu-item-object-page menu-item-2584\"><a href=\"https:\/\/trendbakir.com\/?page_id=1891\" class=\"elementor-item\">Di\u011fer<\/a><\/li>\n<li class=\"menu-item menu-item-type-post_type menu-item-object-page menu-item-2585\"><a href=\"https:\/\/trendbakir.com\/?page_id=1890\" class=\"elementor-item\">Gaz lambas\u0131<\/a><\/li>\n<li class=\"menu-item menu-item-type-post_type menu-item-object-page menu-item-2586\"><a href=\"https:\/\/trendbakir.com\/?page_id=1889\" class=\"elementor-item\">G\u00fc\u011f\u00fcm<\/a><\/li>\n<li class=\"menu-item menu-item-type-post_type menu-item-object-page menu-item-2587\"><a href=\"https:\/\/trendbakir.com\/?page_id=1888\" class=\"elementor-item\">\u0130brik<\/a><\/li>\n<li class=\"menu-item menu-item-type-post_type menu-item-object-page menu-item-2588\"><a href=\"https:\/\/trendbakir.com\/?page_id=1887\" class=\"elementor-item\">Kahve tak\u0131m\u0131<\/a><\/li>\n<li class=\"menu-item menu-item-type-post_type menu-item-object-page menu-item-2589\"><a href=\"https:\/\/trendbakir.com\/?page_id=1886\" class=\"elementor-item\">Saat<\/a><\/li>\n<li class=\"menu-item menu-item-type-post_type menu-item-object-page menu-item-2590\"><a href=\"https:\/\/trendbakir.com\/?page_id=1885\" class=\"elementor-item\">Sahan<\/a><\/li>\n<li class=\"menu-item menu-item-type-post_type menu-item-object-page menu-item-2591\"><a href=\"https:\/\/trendbakir.com\/?page_id=1882\" class=\"elementor-item\">\u015eekerlik<\/a><\/li>\n<li class=\"menu-item menu-item-type-post_type menu-item-object-page menu-item-2592\"><a href=\"https:\/\/trendbakir.com\/?page_id=1884\" class=\"elementor-item\">Stil-Kazan<\/a><\/li>\n<li class=\"menu-item menu-item-type-post_type menu-item-object-page menu-item-2593\"><a href=\"https:\/\/trendbakir.com\/?page_id=1883\" class=\"elementor-item\">S\u00fcrahi<\/a><\/li>\n<li class=\"menu-item menu-item-type-post_type menu-item-object-page menu-item-2595\"><a href=\"https:\/\/trendbakir.com\/?page_id=1880\" class=\"elementor-item\">Tepsi-Sini<\/a><\/li>\n<li class=\"menu-item menu-item-type-post_type menu-item-object-page menu-item-2596\"><a href=\"https:\/\/trendbakir.com\/?page_id=1879\" class=\"elementor-item\">Vazolar<\/a><\/li>\n<\/ul>\t\t\t<\/nav>\n\t\t\t\t\t\t<nav class=\"elementor-nav-menu--dropdown elementor-nav-menu__container\" aria-hidden=\"true\">\n\t\t\t\t<ul id=\"menu-2-b18345e\" class=\"elementor-nav-menu sm-vertical\"><li class=\"menu-item menu-item-type-post_type menu-item-object-page menu-item-2579\"><a href=\"https:\/\/trendbakir.com\/?page_id=1538\" class=\"elementor-item\" tabindex=\"-1\">Baharatl\u0131k<\/a><\/li>\n<li class=\"menu-item menu-item-type-post_type menu-item-object-page menu-item-2580\"><a href=\"https:\/\/trendbakir.com\/?page_id=1878\" class=\"elementor-item\" tabindex=\"-1\">Buhurdanl\u0131k<\/a><\/li>\n<li class=\"menu-item menu-item-type-post_type menu-item-object-page menu-item-2581\"><a href=\"https:\/\/trendbakir.com\/?page_id=1893\" class=\"elementor-item\" tabindex=\"-1\">\u00c7ay tak\u0131m\u0131<\/a><\/li>\n<li class=\"menu-item menu-item-type-post_type menu-item-object-page menu-item-2582\"><a href=\"https:\/\/trendbakir.com\/?page_id=1894\" class=\"elementor-item\" tabindex=\"-1\">Cezveler<\/a><\/li>\n<li class=\"menu-item menu-item-type-post_type menu-item-object-page menu-item-2583\"><a href=\"https:\/\/trendbakir.com\/?page_id=1892\" class=\"elementor-item\" tabindex=\"-1\">Demlik<\/a><\/li>\n<li class=\"menu-item menu-item-type-post_type menu-item-object-page menu-item-2584\"><a href=\"https:\/\/trendbakir.com\/?page_id=1891\" class=\"elementor-item\" tabindex=\"-1\">Di\u011fer<\/a><\/li>\n<li class=\"menu-item menu-item-type-post_type menu-item-object-page menu-item-2585\"><a href=\"https:\/\/trendbakir.com\/?page_id=1890\" class=\"elementor-item\" tabindex=\"-1\">Gaz lambas\u0131<\/a><\/li>\n<li class=\"menu-item menu-item-type-post_type menu-item-object-page menu-item-2586\"><a href=\"https:\/\/trendbakir.com\/?page_id=1889\" class=\"elementor-item\" tabindex=\"-1\">G\u00fc\u011f\u00fcm<\/a><\/li>\n<li class=\"menu-item menu-item-type-post_type menu-item-object-page menu-item-2587\"><a href=\"https:\/\/trendbakir.com\/?page_id=1888\" class=\"elementor-item\" tabindex=\"-1\">\u0130brik<\/a><\/li>\n<li class=\"menu-item menu-item-type-post_type menu-item-object-page menu-item-2588\"><a href=\"https:\/\/trendbakir.com\/?page_id=1887\" class=\"elementor-item\" tabindex=\"-1\">Kahve tak\u0131m\u0131<\/a><\/li>\n<li class=\"menu-item menu-item-type-post_type menu-item-object-page menu-item-2589\"><a href=\"https:\/\/trendbakir.com\/?page_id=1886\" class=\"elementor-item\" tabindex=\"-1\">Saat<\/a><\/li>\n<li class=\"menu-item menu-item-type-post_type menu-item-object-page menu-item-2590\"><a href=\"https:\/\/trendbakir.com\/?page_id=1885\" class=\"elementor-item\" tabindex=\"-1\">Sahan<\/a><\/li>\n<li class=\"menu-item menu-item-type-post_type menu-item-object-page menu-item-2591\"><a href=\"https:\/\/trendbakir.com\/?page_id=1882\" class=\"elementor-item\" tabindex=\"-1\">\u015eekerlik<\/a><\/li>\n<li class=\"menu-item menu-item-type-post_type menu-item-object-page menu-item-2592\"><a href=\"https:\/\/trendbakir.com\/?page_id=1884\" class=\"elementor-item\" tabindex=\"-1\">Stil-Kazan<\/a><\/li>\n<li class=\"menu-item menu-item-type-post_type menu-item-object-page menu-item-2593\"><a href=\"https:\/\/trendbakir.com\/?page_id=1883\" class=\"elementor-item\" tabindex=\"-1\">S\u00fcrahi<\/a><\/li>\n<li class=\"menu-item menu-item-type-post_type menu-item-object-page menu-item-2595\"><a href=\"https:\/\/trendbakir.com\/?page_id=1880\" class=\"elementor-item\" tabindex=\"-1\">Tepsi-Sini<\/a><\/li>\n<li class=\"menu-item menu-item-type-post_type menu-item-object-page menu-item-2596\"><a href=\"https:\/\/trendbakir.com\/?page_id=1879\" class=\"elementor-item\" tabindex=\"-1\">Vazolar<\/a><\/li>\n<\/ul>\t\t\t<\/nav>\n\t\t\t\t<\/div>\n\t\t\t\t<\/div>\n\t\t\t\t<div class=\"elementor-element elementor-element-6dd9a1f elementor-invisible elementor-widget elementor-widget-image\" data-id=\"6dd9a1f\" data-element_type=\"widget\" data-settings=\"{&quot;motion_fx_motion_fx_scrolling&quot;:&quot;yes&quot;,&quot;_animation&quot;:&quot;fadeInUp&quot;,&quot;motion_fx_devices&quot;:[&quot;desktop&quot;,&quot;tablet&quot;,&quot;mobile&quot;]}\" data-widget_type=\"image.default\">\n\t\t\t\t<div class=\"elementor-widget-container\">\n\t\t\t\t\t\t\t\t\t\t\t\t\t<img fetchpriority=\"high\" decoding=\"async\" width=\"630\" height=\"937\" src=\"https:\/\/trendbakir.com\/wp-content\/uploads\/2024\/10\/Ikili-kahve-takimi-2-1.jpg\" class=\"attachment-large size-large wp-image-2604\" alt=\"\" srcset=\"https:\/\/trendbakir.com\/wp-content\/uploads\/2024\/10\/Ikili-kahve-takimi-2-1.jpg 630w, https:\/\/trendbakir.com\/wp-content\/uploads\/2024\/10\/Ikili-kahve-takimi-2-1-202x300.jpg 202w\" sizes=\"(max-width: 630px) 100vw, 630px\" \/>\t\t\t\t\t\t\t\t\t\t\t\t\t<\/div>\n\t\t\t\t<\/div>\n\t\t\t\t<div class=\"elementor-element elementor-element-6974336 elementor-invisible elementor-widget elementor-widget-image\" data-id=\"6974336\" data-element_type=\"widget\" data-settings=\"{&quot;_animation&quot;:&quot;fadeInDown&quot;}\" data-widget_type=\"image.default\">\n\t\t\t\t<div class=\"elementor-widget-container\">\n\t\t\t\t\t\t\t\t\t\t\t\t\t<img decoding=\"async\" width=\"1720\" height=\"2560\" src=\"https:\/\/trendbakir.com\/wp-content\/uploads\/2024\/10\/Ibrikler-Legenli-1-scaled.jpg\" class=\"attachment-full size-full wp-image-2603\" alt=\"\" srcset=\"https:\/\/trendbakir.com\/wp-content\/uploads\/2024\/10\/Ibrikler-Legenli-1-scaled.jpg 1720w, https:\/\/trendbakir.com\/wp-content\/uploads\/2024\/10\/Ibrikler-Legenli-1-202x300.jpg 202w, https:\/\/trendbakir.com\/wp-content\/uploads\/2024\/10\/Ibrikler-Legenli-1-688x1024.jpg 688w, https:\/\/trendbakir.com\/wp-content\/uploads\/2024\/10\/Ibrikler-Legenli-1-768x1143.jpg 768w, https:\/\/trendbakir.com\/wp-content\/uploads\/2024\/10\/Ibrikler-Legenli-1-1032x1536.jpg 1032w, https:\/\/trendbakir.com\/wp-content\/uploads\/2024\/10\/Ibrikler-Legenli-1-1376x2048.jpg 1376w\" sizes=\"(max-width: 1720px) 100vw, 1720px\" \/>\t\t\t\t\t\t\t\t\t\t\t\t\t<\/div>\n\t\t\t\t<\/div>\n\t\t\t\t\t<\/div>\n\t\t\t\t<\/div>\n\t\t\t\t<\/div>\n\t\t","protected":false},"excerpt":{"rendered":"<p>\u00dcR\u00dcN KATEGOR\u0130LER\u0130N\u0130 MEN\u00dcDEN SE\u00c7EB\u0130L\u0130RS\u0130N\u0130Z<\/p>\n","protected":false},"author":1,"featured_media":0,"parent":0,"menu_order":0,"comment_status":"closed","ping_status":"closed","template":"","meta":{"footnotes":""},"class_list":["post-1035","page","type-page","status-publish","hentry"],"yoast_head":"<!-- This site is optimized with the Yoast SEO plugin v24.2 - https:\/\/yoast.com\/wordpress\/plugins\/seo\/ -->\n<title>\u00dcr\u00fcnler - http:\/\/trendbakir.com<\/title>\n<meta name=\"robots\" content=\"index, follow, max-snippet:-1, max-image-preview:large, max-video-preview:-1\" \/>\n<link rel=\"canonical\" href=\"https:\/\/trendbakir.com\/?page_id=1035\" \/>\n<meta property=\"og:locale\" content=\"tr_TR\" \/>\n<meta property=\"og:type\" content=\"article\" \/>\n<meta property=\"og:title\" content=\"\u00dcr\u00fcnler - http:\/\/trendbakir.com\" \/>\n<meta property=\"og:description\" content=\"\u00dcR\u00dcN KATEGOR\u0130LER\u0130N\u0130 MEN\u00dcDEN SE\u00c7EB\u0130L\u0130RS\u0130N\u0130Z\" \/>\n<meta property=\"og:url\" content=\"https:\/\/trendbakir.com\/?page_id=1035\" \/>\n<meta property=\"og:site_name\" content=\"http:\/\/trendbakir.com\" \/>\n<meta property=\"article:publisher\" content=\"https:\/\/www.instagram.com\/trend_bakir\/\" \/>\n<meta property=\"article:modified_time\" content=\"2024-11-01T17:49:33+00:00\" \/>\n<meta property=\"og:image\" content=\"http:\/\/trendbakir.com\/wp-content\/uploads\/2024\/10\/Ikili-kahve-takimi-2-1.jpg\" \/>\n<meta name=\"twitter:card\" content=\"summary_large_image\" \/>\n<script type=\"application\/ld+json\" class=\"yoast-schema-graph\">{\"@context\":\"https:\/\/schema.org\",\"@graph\":[{\"@type\":\"WebPage\",\"@id\":\"https:\/\/trendbakir.com\/?page_id=1035\",\"url\":\"https:\/\/trendbakir.com\/?page_id=1035\",\"name\":\"\u00dcr\u00fcnler - http:\/\/trendbakir.com\",\"isPartOf\":{\"@id\":\"https:\/\/trendbakir.com\/#website\"},\"primaryImageOfPage\":{\"@id\":\"https:\/\/trendbakir.com\/?page_id=1035#primaryimage\"},\"image\":{\"@id\":\"https:\/\/trendbakir.com\/?page_id=1035#primaryimage\"},\"thumbnailUrl\":\"http:\/\/trendbakir.com\/wp-content\/uploads\/2024\/10\/Ikili-kahve-takimi-2-1.jpg\",\"datePublished\":\"2024-10-20T17:26:58+00:00\",\"dateModified\":\"2024-11-01T17:49:33+00:00\",\"breadcrumb\":{\"@id\":\"https:\/\/trendbakir.com\/?page_id=1035#breadcrumb\"},\"inLanguage\":\"tr\",\"potentialAction\":[{\"@type\":\"ReadAction\",\"target\":[\"https:\/\/trendbakir.com\/?page_id=1035\"]}]},{\"@type\":\"ImageObject\",\"inLanguage\":\"tr\",\"@id\":\"https:\/\/trendbakir.com\/?page_id=1035#primaryimage\",\"url\":\"https:\/\/trendbakir.com\/wp-content\/uploads\/2024\/10\/Ikili-kahve-takimi-2-1.jpg\",\"contentUrl\":\"https:\/\/trendbakir.com\/wp-content\/uploads\/2024\/10\/Ikili-kahve-takimi-2-1.jpg\",\"width\":630,\"height\":937},{\"@type\":\"BreadcrumbList\",\"@id\":\"https:\/\/trendbakir.com\/?page_id=1035#breadcrumb\",\"itemListElement\":[{\"@type\":\"ListItem\",\"position\":1,\"name\":\"Anasayfa\",\"item\":\"https:\/\/trendbakir.com\/\"},{\"@type\":\"ListItem\",\"position\":2,\"name\":\"\u00dcr\u00fcnler\"}]},{\"@type\":\"WebSite\",\"@id\":\"https:\/\/trendbakir.com\/#website\",\"url\":\"https:\/\/trendbakir.com\/\",\"name\":\"http:\/\/www.trendbakir.com\",\"description\":\"http:\/\/trendbakir.com\",\"publisher\":{\"@id\":\"https:\/\/trendbakir.com\/#organization\"},\"potentialAction\":[{\"@type\":\"SearchAction\",\"target\":{\"@type\":\"EntryPoint\",\"urlTemplate\":\"https:\/\/trendbakir.com\/?s={search_term_string}\"},\"query-input\":{\"@type\":\"PropertyValueSpecification\",\"valueRequired\":true,\"valueName\":\"search_term_string\"}}],\"inLanguage\":\"tr\"},{\"@type\":\"Organization\",\"@id\":\"https:\/\/trendbakir.com\/#organization\",\"name\":\"TREND BAKIR TUR\u0130ZM SANAY\u0130 VE T\u0130CARET L\u0130M\u0130TED \u015e\u0130RKET\u0130\",\"url\":\"https:\/\/trendbakir.com\/\",\"logo\":{\"@type\":\"ImageObject\",\"inLanguage\":\"tr\",\"@id\":\"https:\/\/trendbakir.com\/#\/schema\/logo\/image\/\",\"url\":\"https:\/\/trendbakir.com\/wp-content\/uploads\/2024\/10\/logo.png\",\"contentUrl\":\"https:\/\/trendbakir.com\/wp-content\/uploads\/2024\/10\/logo.png\",\"width\":311,\"height\":296,\"caption\":\"TREND BAKIR TUR\u0130ZM SANAY\u0130 VE T\u0130CARET L\u0130M\u0130TED \u015e\u0130RKET\u0130\"},\"image\":{\"@id\":\"https:\/\/trendbakir.com\/#\/schema\/logo\/image\/\"},\"sameAs\":[\"https:\/\/www.instagram.com\/trend_bakir\/\"]}]}<\/script>\n<!-- \/ Yoast SEO plugin. -->","yoast_head_json":{"title":"\u00dcr\u00fcnler - http:\/\/trendbakir.com","robots":{"index":"index","follow":"follow","max-snippet":"max-snippet:-1","max-image-preview":"max-image-preview:large","max-video-preview":"max-video-preview:-1"},"canonical":"https:\/\/trendbakir.com\/?page_id=1035","og_locale":"tr_TR","og_type":"article","og_title":"\u00dcr\u00fcnler - http:\/\/trendbakir.com","og_description":"\u00dcR\u00dcN KATEGOR\u0130LER\u0130N\u0130 MEN\u00dcDEN SE\u00c7EB\u0130L\u0130RS\u0130N\u0130Z","og_url":"https:\/\/trendbakir.com\/?page_id=1035","og_site_name":"http:\/\/trendbakir.com","article_publisher":"https:\/\/www.instagram.com\/trend_bakir\/","article_modified_time":"2024-11-01T17:49:33+00:00","og_image":[{"url":"http:\/\/trendbakir.com\/wp-content\/uploads\/2024\/10\/Ikili-kahve-takimi-2-1.jpg","type":"","width":"","height":""}],"twitter_card":"summary_large_image","schema":{"@context":"https:\/\/schema.org","@graph":[{"@type":"WebPage","@id":"https:\/\/trendbakir.com\/?page_id=1035","url":"https:\/\/trendbakir.com\/?page_id=1035","name":"\u00dcr\u00fcnler - http:\/\/trendbakir.com","isPartOf":{"@id":"https:\/\/trendbakir.com\/#website"},"primaryImageOfPage":{"@id":"https:\/\/trendbakir.com\/?page_id=1035#primaryimage"},"image":{"@id":"https:\/\/trendbakir.com\/?page_id=1035#primaryimage"},"thumbnailUrl":"http:\/\/trendbakir.com\/wp-content\/uploads\/2024\/10\/Ikili-kahve-takimi-2-1.jpg","datePublished":"2024-10-20T17:26:58+00:00","dateModified":"2024-11-01T17:49:33+00:00","breadcrumb":{"@id":"https:\/\/trendbakir.com\/?page_id=1035#breadcrumb"},"inLanguage":"tr","potentialAction":[{"@type":"ReadAction","target":["https:\/\/trendbakir.com\/?page_id=1035"]}]},{"@type":"ImageObject","inLanguage":"tr","@id":"https:\/\/trendbakir.com\/?page_id=1035#primaryimage","url":"https:\/\/trendbakir.com\/wp-content\/uploads\/2024\/10\/Ikili-kahve-takimi-2-1.jpg","contentUrl":"https:\/\/trendbakir.com\/wp-content\/uploads\/2024\/10\/Ikili-kahve-takimi-2-1.jpg","width":630,"height":937},{"@type":"BreadcrumbList","@id":"https:\/\/trendbakir.com\/?page_id=1035#breadcrumb","itemListElement":[{"@type":"ListItem","position":1,"name":"Anasayfa","item":"https:\/\/trendbakir.com\/"},{"@type":"ListItem","position":2,"name":"\u00dcr\u00fcnler"}]},{"@type":"WebSite","@id":"https:\/\/trendbakir.com\/#website","url":"https:\/\/trendbakir.com\/","name":"http:\/\/www.trendbakir.com","description":"http:\/\/trendbakir.com","publisher":{"@id":"https:\/\/trendbakir.com\/#organization"},"potentialAction":[{"@type":"SearchAction","target":{"@type":"EntryPoint","urlTemplate":"https:\/\/trendbakir.com\/?s={search_term_string}"},"query-input":{"@type":"PropertyValueSpecification","valueRequired":true,"valueName":"search_term_string"}}],"inLanguage":"tr"},{"@type":"Organization","@id":"https:\/\/trendbakir.com\/#organization","name":"TREND BAKIR TUR\u0130ZM SANAY\u0130 VE T\u0130CARET L\u0130M\u0130TED \u015e\u0130RKET\u0130","url":"https:\/\/trendbakir.com\/","logo":{"@type":"ImageObject","inLanguage":"tr","@id":"https:\/\/trendbakir.com\/#\/schema\/logo\/image\/","url":"https:\/\/trendbakir.com\/wp-content\/uploads\/2024\/10\/logo.png","contentUrl":"https:\/\/trendbakir.com\/wp-content\/uploads\/2024\/10\/logo.png","width":311,"height":296,"caption":"TREND BAKIR TUR\u0130ZM SANAY\u0130 VE T\u0130CARET L\u0130M\u0130TED \u015e\u0130RKET\u0130"},"image":{"@id":"https:\/\/trendbakir.com\/#\/schema\/logo\/image\/"},"sameAs":["https:\/\/www.instagram.com\/trend_bakir\/"]}]}},"_links":{"self":[{"href":"https:\/\/trendbakir.com\/index.php?rest_route=\/wp\/v2\/pages\/1035","targetHints":{"allow":["GET"]}}],"collection":[{"href":"https:\/\/trendbakir.com\/index.php?rest_route=\/wp\/v2\/pages"}],"about":[{"href":"https:\/\/trendbakir.com\/index.php?rest_route=\/wp\/v2\/types\/page"}],"author":[{"embeddable":true,"href":"https:\/\/trendbakir.com\/index.php?rest_route=\/wp\/v2\/users\/1"}],"replies":[{"embeddable":true,"href":"https:\/\/trendbakir.com\/index.php?rest_route=%2Fwp%2Fv2%2Fcomments&post=1035"}],"version-history":[{"count":202,"href":"https:\/\/trendbakir.com\/index.php?rest_route=\/wp\/v2\/pages\/1035\/revisions"}],"predecessor-version":[{"id":3119,"href":"https:\/\/trendbakir.com\/index.php?rest_route=\/wp\/v2\/pages\/1035\/revisions\/3119"}],"wp:attachment":[{"href":"https:\/\/trendbakir.com\/index.php?rest_route=%2Fwp%2Fv2%2Fmedia&parent=1035"}],"curies":[{"name":"wp","href":"https:\/\/api.w.org\/{rel}","templated":true}]}}